{"id":640,"date":"2025-06-05T16:59:22","date_gmt":"2025-06-05T14:59:22","guid":{"rendered":"http:\/\/dev.gotzpinceszet.hu\/?page_id=640"},"modified":"2025-07-17T16:05:08","modified_gmt":"2025-07-17T14:05:08","slug":"hercegkut","status":"publish","type":"page","link":"https:\/\/gotzpinceszet.hu\/en\/hercegkut\/","title":{"rendered":"Hercegk\u00fat"},"content":{"rendered":"<div id=\"pl-640\"  class=\"panel-layout\" ><div id=\"pg-640-0\"  class=\"panel-grid panel-has-style\" ><div class=\"panel-row-style panel-row-style-for-640-0\" ><div id=\"pgc-640-0-0\"  class=\"panel-grid-cell\" ><div id=\"panel-640-0-0-0\" class=\"so-panel widget widget_black-studio-tinymce widget_black_studio_tinymce panel-first-child panel-last-child\" data-index=\"0\" ><div class=\"textwidget\"><h2 style=\"text-align: center;\">HERCEGK\u00daT<\/h2>\n<\/div><\/div><\/div><\/div><\/div><div id=\"pg-640-1\"  class=\"panel-grid panel-has-style\" ><div class=\"panel-row-style panel-row-style-for-640-1\" ><div id=\"pgc-640-1-0\"  class=\"panel-grid-cell\" ><div id=\"panel-640-1-0-0\" class=\"so-panel widget widget_black-studio-tinymce widget_black_studio_tinymce panel-first-child panel-last-child\" data-index=\"1\" ><div class=\"textwidget\"><h5 style=\"text-align: center;\"><span style=\"color: #b2936d;\">Allow us to guide you to a small village in the Zempl\u00e9n region!<\/span><\/h5>\n<\/div><\/div><\/div><\/div><\/div><div id=\"pg-640-2\"  class=\"panel-grid panel-has-style\" ><div class=\"panel-row-style panel-row-style-for-640-2\" ><div id=\"pgc-640-2-0\"  class=\"panel-grid-cell\" ><div id=\"panel-640-2-0-0\" class=\"so-panel widget widget_black-studio-tinymce widget_black_studio_tinymce panel-first-child panel-last-child\" data-index=\"2\" ><div class=\"panel-widget-style panel-widget-style-for-640-2-0-0\" ><div class=\"textwidget\"><p><img loading=\"lazy\" decoding=\"async\" class=\"size-full wp-image-339 aligncenter\" src=\"https:\/\/gotzpinceszet.hu\/wp-content\/uploads\/2025\/06\/gotz-hercegkut-w.png\" alt=\"\" width=\"100\" height=\"100\" \/><\/p>\n<p style=\"text-align: center;\"><div class=\"hrule clearfix\" style=\"background:#b2936d; height:1px\"><\/div>\n<p style=\"text-align: justify;\"><span style=\"color: #ffffff;\">G\u00f6tz Winery is located in the Swabian village of Hercegk\u00fat, just about 3 kilometers from S\u00e1rospatak. Settlement in the village began in the 1750s, and the village was originally named Trautsondorf. <strong>A faluban k\u00e9t pincesor is megtal\u00e1lhat\u00f3, a K\u0151porosi \u00e9s a Gombos-hegyi, mindkett\u0151 a vil\u00e1g\u00f6r\u00f6ks\u00e9g r\u00e9sz\u00e9t k\u00e9pezi.<\/strong><\/span><\/p>\n<p style=\"text-align: justify;\"><span style=\"color: #ffffff;\">Hercegk\u00fat is becoming increasingly popular among tourists, as it is home to our Swabian Folk House, which preserves old traditions. Before the wine tasting, it\u2019s worth taking a walk up to the Calvary on Gombos Hill, where visitors are rewarded with a stunning panoramic view.<\/span><\/p>\n<p style=\"text-align: justify;\"><span style=\"color: #ffffff;\">The village is Roman Catholic, and our church was built in the 18th century. There are also various accommodation options available to suit every need.<\/span><\/p>\n<p style=\"text-align: justify;\"><span style=\"color: #ffffff;\">You can read more about Hercegk\u00fat on the Municipality\u2019s official website at the following <strong><a style=\"color: #ffffff;\" href=\"https:\/\/hercegkut.hu\/\" target=\"_blank\" rel=\"noopener\">www.hercegkut.hu<\/a><\/strong> page.<\/span><\/p>\n<p style=\"text-align: center;\"><div class=\"hrule clearfix\" style=\"background:#b2936d; height:1px\"><\/div>\n<\/div><\/div><\/div><\/div><\/div><\/div><div id=\"pg-640-3\"  class=\"panel-grid panel-has-style\" ><div class=\"panel-row-style panel-row-style-for-640-3\" ><div id=\"pgc-640-3-0\"  class=\"panel-grid-cell\" ><div id=\"panel-640-3-0-0\" class=\"so-panel widget widget_black-studio-tinymce widget_black_studio_tinymce panel-first-child panel-last-child\" data-index=\"3\" ><div class=\"textwidget\"><h2 style=\"text-align: center;\">THE SWABIAN VILLAGE IN PICTURES<\/h2>\n<\/div><\/div><\/div><\/div><\/div><div id=\"pg-640-4\"  class=\"panel-grid panel-has-style\" ><div class=\"siteorigin-panels-stretch kt-panel-row-stretch panel-row-style panel-row-style-for-640-4\" style=\"opacity: 0;\" data-stretch-type=\"full\" ><div id=\"pgc-640-4-0\"  class=\"panel-grid-cell\" >\n          <div id=\"panel-640-4-0-0\" class=\"so-panel widget widget_kadence_gallery_widget kadence_gallery_widget panel-first-child panel-last-child\" data-index=\"4\" ><div id=\"kad-wp-gallerywidget-4-0-0\" class=\"kad-wp-gallery gallery kt-gallery-column-3 init-isotope-intrinsic reinit-isotope kad-light-gallery clearfix row-margin-small\" data-iso-selector=\".g_item\" data-iso-style=\"masonry\" data-iso-filter=\"false\"><div class=\"col-xxl-25 col-xl-3 col-lg-4 col-md-4 col-sm-4 col-xs-6 col-ss-12 g_item\"><div class=\"grid_item kt_item_fade_in kad_gallery_fade_in gallery_item\"><a href=\"https:\/\/gotzpinceszet.hu\/wp-content\/uploads\/2025\/06\/gotz-pinceszet-37.jpg\" data-rel=\"lightbox\" class=\"gallery-link\"><div class=\"kt-intrinsic\" style=\"padding-bottom:100%;\"><div itemprop=\"image\" itemscope itemtype=\"http:\/\/schema.org\/ImageObject\"><img loading=\"lazy\" decoding=\"async\" width=\"400\" height=\"400\" src=\"https:\/\/gotzpinceszet.hu\/wp-content\/uploads\/2025\/06\/gotz-pinceszet-37-400x400.jpg\" srcset=\"https:\/\/gotzpinceszet.hu\/wp-content\/uploads\/2025\/06\/gotz-pinceszet-37-400x400.jpg 400w, https:\/\/gotzpinceszet.hu\/wp-content\/uploads\/2025\/06\/gotz-pinceszet-37-150x150.jpg 150w, https:\/\/gotzpinceszet.hu\/wp-content\/uploads\/2025\/06\/gotz-pinceszet-37-300x300.jpg 300w, https:\/\/gotzpinceszet.hu\/wp-content\/uploads\/2025\/06\/gotz-pinceszet-37-100x100.jpg 100w\" sizes=\"auto, (max-width: 400px) 100vw, 400px\"  class=\"kt-gallery-img\" itemprop=\"contentUrl\" alt=\"Hercegk\u00fat\"><meta itemprop=\"url\" content=\"https:\/\/gotzpinceszet.hu\/wp-content\/uploads\/2025\/06\/gotz-pinceszet-37-400x400.jpg\"><meta itemprop=\"width\" content=\"400px\"><meta itemprop=\"height\" content=\"400px\"><\/div><\/div><\/a><\/div><\/div><div class=\"col-xxl-25 col-xl-3 col-lg-4 col-md-4 col-sm-4 col-xs-6 col-ss-12 g_item\"><div class=\"grid_item kt_item_fade_in kad_gallery_fade_in gallery_item\"><a href=\"https:\/\/gotzpinceszet.hu\/wp-content\/uploads\/2025\/06\/gotz-pinceszet-43.jpg\" data-rel=\"lightbox\" class=\"gallery-link\"><div class=\"kt-intrinsic\" style=\"padding-bottom:100%;\"><div itemprop=\"image\" itemscope itemtype=\"http:\/\/schema.org\/ImageObject\"><img loading=\"lazy\" decoding=\"async\" width=\"400\" height=\"400\" src=\"https:\/\/gotzpinceszet.hu\/wp-content\/uploads\/2025\/06\/gotz-pinceszet-43-400x400.jpg\" srcset=\"https:\/\/gotzpinceszet.hu\/wp-content\/uploads\/2025\/06\/gotz-pinceszet-43-400x400.jpg 400w, https:\/\/gotzpinceszet.hu\/wp-content\/uploads\/2025\/06\/gotz-pinceszet-43-150x150.jpg 150w, https:\/\/gotzpinceszet.hu\/wp-content\/uploads\/2025\/06\/gotz-pinceszet-43-300x300.jpg 300w, https:\/\/gotzpinceszet.hu\/wp-content\/uploads\/2025\/06\/gotz-pinceszet-43-100x100.jpg 100w\" sizes=\"auto, (max-width: 400px) 100vw, 400px\"  class=\"kt-gallery-img\" itemprop=\"contentUrl\" alt=\"Hercegk\u00fat\"><meta itemprop=\"url\" content=\"https:\/\/gotzpinceszet.hu\/wp-content\/uploads\/2025\/06\/gotz-pinceszet-43-400x400.jpg\"><meta itemprop=\"width\" content=\"400px\"><meta itemprop=\"height\" content=\"400px\"><\/div><\/div><\/a><\/div><\/div><div class=\"col-xxl-25 col-xl-3 col-lg-4 col-md-4 col-sm-4 col-xs-6 col-ss-12 g_item\"><div class=\"grid_item kt_item_fade_in kad_gallery_fade_in gallery_item\"><a href=\"https:\/\/gotzpinceszet.hu\/wp-content\/uploads\/2025\/06\/gotz-pinceszet-48.jpg\" data-rel=\"lightbox\" class=\"gallery-link\"><div class=\"kt-intrinsic\" style=\"padding-bottom:100%;\"><div itemprop=\"image\" itemscope itemtype=\"http:\/\/schema.org\/ImageObject\"><img loading=\"lazy\" decoding=\"async\" width=\"400\" height=\"400\" src=\"https:\/\/gotzpinceszet.hu\/wp-content\/uploads\/2025\/06\/gotz-pinceszet-48-400x400.jpg\" srcset=\"https:\/\/gotzpinceszet.hu\/wp-content\/uploads\/2025\/06\/gotz-pinceszet-48-400x400.jpg 400w, https:\/\/gotzpinceszet.hu\/wp-content\/uploads\/2025\/06\/gotz-pinceszet-48-150x150.jpg 150w, https:\/\/gotzpinceszet.hu\/wp-content\/uploads\/2025\/06\/gotz-pinceszet-48-300x300.jpg 300w, https:\/\/gotzpinceszet.hu\/wp-content\/uploads\/2025\/06\/gotz-pinceszet-48-100x100.jpg 100w\" sizes=\"auto, (max-width: 400px) 100vw, 400px\"  class=\"kt-gallery-img\" itemprop=\"contentUrl\" alt=\"G\u00f6tz Pinc\u00e9szet\"><meta itemprop=\"url\" content=\"https:\/\/gotzpinceszet.hu\/wp-content\/uploads\/2025\/06\/gotz-pinceszet-48-400x400.jpg\"><meta itemprop=\"width\" content=\"400px\"><meta itemprop=\"height\" content=\"400px\"><\/div><\/div><\/a><\/div><\/div><div class=\"col-xxl-25 col-xl-3 col-lg-4 col-md-4 col-sm-4 col-xs-6 col-ss-12 g_item\"><div class=\"grid_item kt_item_fade_in kad_gallery_fade_in gallery_item\"><a href=\"https:\/\/gotzpinceszet.hu\/wp-content\/uploads\/2025\/06\/gotz-pinceszet-5.jpg\" data-rel=\"lightbox\" class=\"gallery-link\"><div class=\"kt-intrinsic\" style=\"padding-bottom:100%;\"><div itemprop=\"image\" itemscope itemtype=\"http:\/\/schema.org\/ImageObject\"><img loading=\"lazy\" decoding=\"async\" width=\"400\" height=\"400\" src=\"https:\/\/gotzpinceszet.hu\/wp-content\/uploads\/2025\/06\/gotz-pinceszet-5-400x400.jpg\" srcset=\"https:\/\/gotzpinceszet.hu\/wp-content\/uploads\/2025\/06\/gotz-pinceszet-5-400x400.jpg 400w, https:\/\/gotzpinceszet.hu\/wp-content\/uploads\/2025\/06\/gotz-pinceszet-5-150x150.jpg 150w, https:\/\/gotzpinceszet.hu\/wp-content\/uploads\/2025\/06\/gotz-pinceszet-5-300x300.jpg 300w, https:\/\/gotzpinceszet.hu\/wp-content\/uploads\/2025\/06\/gotz-pinceszet-5-100x100.jpg 100w\" sizes=\"auto, (max-width: 400px) 100vw, 400px\"  class=\"kt-gallery-img\" itemprop=\"contentUrl\" alt=\"G\u00f6tz Pinc\u00e9szet\"><meta itemprop=\"url\" content=\"https:\/\/gotzpinceszet.hu\/wp-content\/uploads\/2025\/06\/gotz-pinceszet-5-400x400.jpg\"><meta itemprop=\"width\" content=\"400px\"><meta itemprop=\"height\" content=\"400px\"><\/div><\/div><\/a><\/div><\/div><div class=\"col-xxl-25 col-xl-3 col-lg-4 col-md-4 col-sm-4 col-xs-6 col-ss-12 g_item\"><div class=\"grid_item kt_item_fade_in kad_gallery_fade_in gallery_item\"><a href=\"https:\/\/gotzpinceszet.hu\/wp-content\/uploads\/2025\/06\/gotz-pinceszet-1.jpg\" data-rel=\"lightbox\" class=\"gallery-link\"><div class=\"kt-intrinsic\" style=\"padding-bottom:100%;\"><div itemprop=\"image\" itemscope itemtype=\"http:\/\/schema.org\/ImageObject\"><img loading=\"lazy\" decoding=\"async\" width=\"400\" height=\"400\" src=\"https:\/\/gotzpinceszet.hu\/wp-content\/uploads\/2025\/06\/gotz-pinceszet-1-400x400.jpg\" srcset=\"https:\/\/gotzpinceszet.hu\/wp-content\/uploads\/2025\/06\/gotz-pinceszet-1-400x400.jpg 400w, https:\/\/gotzpinceszet.hu\/wp-content\/uploads\/2025\/06\/gotz-pinceszet-1-150x150.jpg 150w, https:\/\/gotzpinceszet.hu\/wp-content\/uploads\/2025\/06\/gotz-pinceszet-1-300x300.jpg 300w, https:\/\/gotzpinceszet.hu\/wp-content\/uploads\/2025\/06\/gotz-pinceszet-1-100x100.jpg 100w\" sizes=\"auto, (max-width: 400px) 100vw, 400px\"  class=\"kt-gallery-img\" itemprop=\"contentUrl\" alt=\"G\u00f6tz Pinc\u00e9szet\"><meta itemprop=\"url\" content=\"https:\/\/gotzpinceszet.hu\/wp-content\/uploads\/2025\/06\/gotz-pinceszet-1-400x400.jpg\"><meta itemprop=\"width\" content=\"400px\"><meta itemprop=\"height\" content=\"400px\"><\/div><\/div><\/a><\/div><\/div><div class=\"col-xxl-25 col-xl-3 col-lg-4 col-md-4 col-sm-4 col-xs-6 col-ss-12 g_item\"><div class=\"grid_item kt_item_fade_in kad_gallery_fade_in gallery_item\"><a href=\"https:\/\/gotzpinceszet.hu\/wp-content\/uploads\/2025\/06\/gotz-pinceszet-51.jpg\" data-rel=\"lightbox\" class=\"gallery-link\"><div class=\"kt-intrinsic\" style=\"padding-bottom:100%;\"><div itemprop=\"image\" itemscope itemtype=\"http:\/\/schema.org\/ImageObject\"><img loading=\"lazy\" decoding=\"async\" width=\"400\" height=\"400\" src=\"https:\/\/gotzpinceszet.hu\/wp-content\/uploads\/2025\/06\/gotz-pinceszet-51-400x400.jpg\" srcset=\"https:\/\/gotzpinceszet.hu\/wp-content\/uploads\/2025\/06\/gotz-pinceszet-51-400x400.jpg 400w, https:\/\/gotzpinceszet.hu\/wp-content\/uploads\/2025\/06\/gotz-pinceszet-51-300x300.jpg 300w, https:\/\/gotzpinceszet.hu\/wp-content\/uploads\/2025\/06\/gotz-pinceszet-51-150x150.jpg 150w, https:\/\/gotzpinceszet.hu\/wp-content\/uploads\/2025\/06\/gotz-pinceszet-51-100x100.jpg 100w, https:\/\/gotzpinceszet.hu\/wp-content\/uploads\/2025\/06\/gotz-pinceszet-51.jpg 533w\" sizes=\"auto, (max-width: 400px) 100vw, 400px\"  class=\"kt-gallery-img\" itemprop=\"contentUrl\" alt=\"G\u00f6tz Pinc\u00e9szet\"><meta itemprop=\"url\" content=\"https:\/\/gotzpinceszet.hu\/wp-content\/uploads\/2025\/06\/gotz-pinceszet-51-400x400.jpg\"><meta itemprop=\"width\" content=\"400px\"><meta itemprop=\"height\" content=\"400px\"><\/div><\/div><\/a><\/div><\/div><div class=\"col-xxl-25 col-xl-3 col-lg-4 col-md-4 col-sm-4 col-xs-6 col-ss-12 g_item\"><div class=\"grid_item kt_item_fade_in kad_gallery_fade_in gallery_item\"><a href=\"https:\/\/gotzpinceszet.hu\/wp-content\/uploads\/2025\/06\/gotz-pinceszet-41.jpg\" data-rel=\"lightbox\" class=\"gallery-link\"><div class=\"kt-intrinsic\" style=\"padding-bottom:100%;\"><div itemprop=\"image\" itemscope itemtype=\"http:\/\/schema.org\/ImageObject\"><img loading=\"lazy\" decoding=\"async\" width=\"400\" height=\"400\" src=\"https:\/\/gotzpinceszet.hu\/wp-content\/uploads\/2025\/06\/gotz-pinceszet-41-400x400.jpg\" srcset=\"https:\/\/gotzpinceszet.hu\/wp-content\/uploads\/2025\/06\/gotz-pinceszet-41-400x400.jpg 400w, https:\/\/gotzpinceszet.hu\/wp-content\/uploads\/2025\/06\/gotz-pinceszet-41-150x150.jpg 150w, https:\/\/gotzpinceszet.hu\/wp-content\/uploads\/2025\/06\/gotz-pinceszet-41-300x300.jpg 300w, https:\/\/gotzpinceszet.hu\/wp-content\/uploads\/2025\/06\/gotz-pinceszet-41-100x100.jpg 100w\" sizes=\"auto, (max-width: 400px) 100vw, 400px\"  class=\"kt-gallery-img\" itemprop=\"contentUrl\" alt=\"Hercegk\u00fat\"><meta itemprop=\"url\" content=\"https:\/\/gotzpinceszet.hu\/wp-content\/uploads\/2025\/06\/gotz-pinceszet-41-400x400.jpg\"><meta itemprop=\"width\" content=\"400px\"><meta itemprop=\"height\" content=\"400px\"><\/div><\/div><\/a><\/div><\/div><\/div><\/div>\n    <\/div><\/div><\/div><\/div>","protected":false},"excerpt":{"rendered":"<p>HERCEGK\u00daT Engedje meg, hogy elkalauzoljuk \u00d6nt egy kis zempl\u00e9ni faluba!<\/p>","protected":false},"author":1,"featured_media":558,"parent":0,"menu_order":0,"comment_status":"closed","ping_status":"closed","template":"","meta":{"footnotes":""},"class_list":["post-640","page","type-page","status-publish","has-post-thumbnail","hentry"],"yoast_head":"<!-- This site is optimized with the Yoast SEO plugin v27.4 - https:\/\/yoast.com\/product\/yoast-seo-wordpress\/ -->\n<title>Hercegk\u00fat - G\u00f6tz Pinc\u00e9szet Hercegk\u00fat<\/title>\n<meta name=\"description\" content=\"Hercegk\u00fat - G\u00f6tz Pinc\u00e9szet Hercegk\u00fat\" \/>\n<meta name=\"robots\" content=\"index, follow, max-snippet:-1, max-image-preview:large, max-video-preview:-1\" \/>\n<link rel=\"canonical\" href=\"https:\/\/gotzpinceszet.hu\/en\/hercegkut\/\" \/>\n<meta property=\"og:locale\" content=\"en_GB\" \/>\n<meta property=\"og:type\" content=\"article\" \/>\n<meta property=\"og:title\" content=\"Hercegk\u00fat - G\u00f6tz Pinc\u00e9szet Hercegk\u00fat\" \/>\n<meta property=\"og:description\" content=\"Hercegk\u00fat - G\u00f6tz Pinc\u00e9szet Hercegk\u00fat\" \/>\n<meta property=\"og:url\" content=\"https:\/\/gotzpinceszet.hu\/en\/hercegkut\/\" \/>\n<meta property=\"og:site_name\" content=\"G\u00f6tz Pinc\u00e9szet Hercegk\u00fat\" \/>\n<meta property=\"article:publisher\" content=\"https:\/\/www.facebook.com\/gotzpinceszet\" \/>\n<meta property=\"article:modified_time\" content=\"2025-07-17T14:05:08+00:00\" \/>\n<meta property=\"og:image\" content=\"https:\/\/gotzpinceszet.hu\/wp-content\/uploads\/2025\/06\/gotz-pinceszet-37.jpg\" \/>\n\t<meta property=\"og:image:width\" content=\"799\" \/>\n\t<meta property=\"og:image:height\" content=\"533\" \/>\n\t<meta property=\"og:image:type\" content=\"image\/jpeg\" \/>\n<meta name=\"twitter:card\" content=\"summary_large_image\" \/>\n<meta name=\"twitter:label1\" content=\"Estimated reading time\" \/>\n\t<meta name=\"twitter:data1\" content=\"1 minute\" \/>\n<script type=\"application\/ld+json\" class=\"yoast-schema-graph\">{\"@context\":\"https:\\\/\\\/schema.org\",\"@graph\":[{\"@type\":\"WebPage\",\"@id\":\"https:\\\/\\\/gotzpinceszet.hu\\\/hercegkut\\\/\",\"url\":\"https:\\\/\\\/gotzpinceszet.hu\\\/hercegkut\\\/\",\"name\":\"Hercegk\u00fat - G\u00f6tz Pinc\u00e9szet Hercegk\u00fat\",\"isPartOf\":{\"@id\":\"https:\\\/\\\/gotzpinceszet.hu\\\/#website\"},\"primaryImageOfPage\":{\"@id\":\"https:\\\/\\\/gotzpinceszet.hu\\\/hercegkut\\\/#primaryimage\"},\"image\":{\"@id\":\"https:\\\/\\\/gotzpinceszet.hu\\\/hercegkut\\\/#primaryimage\"},\"thumbnailUrl\":\"https:\\\/\\\/gotzpinceszet.hu\\\/wp-content\\\/uploads\\\/2025\\\/06\\\/gotz-pinceszet-37.jpg\",\"datePublished\":\"2025-06-05T14:59:22+00:00\",\"dateModified\":\"2025-07-17T14:05:08+00:00\",\"description\":\"Hercegk\u00fat - G\u00f6tz Pinc\u00e9szet Hercegk\u00fat\",\"breadcrumb\":{\"@id\":\"https:\\\/\\\/gotzpinceszet.hu\\\/hercegkut\\\/#breadcrumb\"},\"inLanguage\":\"en-GB\",\"potentialAction\":[{\"@type\":\"ReadAction\",\"target\":[\"https:\\\/\\\/gotzpinceszet.hu\\\/hercegkut\\\/\"]}]},{\"@type\":\"ImageObject\",\"inLanguage\":\"en-GB\",\"@id\":\"https:\\\/\\\/gotzpinceszet.hu\\\/hercegkut\\\/#primaryimage\",\"url\":\"https:\\\/\\\/gotzpinceszet.hu\\\/wp-content\\\/uploads\\\/2025\\\/06\\\/gotz-pinceszet-37.jpg\",\"contentUrl\":\"https:\\\/\\\/gotzpinceszet.hu\\\/wp-content\\\/uploads\\\/2025\\\/06\\\/gotz-pinceszet-37.jpg\",\"width\":799,\"height\":533,\"caption\":\"Hercegk\u00fat\"},{\"@type\":\"BreadcrumbList\",\"@id\":\"https:\\\/\\\/gotzpinceszet.hu\\\/hercegkut\\\/#breadcrumb\",\"itemListElement\":[{\"@type\":\"ListItem\",\"position\":1,\"name\":\"Kezd\u0151lap\",\"item\":\"https:\\\/\\\/gotzpinceszet.hu\\\/\"},{\"@type\":\"ListItem\",\"position\":2,\"name\":\"Hercegk\u00fat\"}]},{\"@type\":\"WebSite\",\"@id\":\"https:\\\/\\\/gotzpinceszet.hu\\\/#website\",\"url\":\"https:\\\/\\\/gotzpinceszet.hu\\\/\",\"name\":\"G\u00f6tz Pinc\u00e9szet\",\"description\":\"Bork\u00f3stol\u00e1s - Hercegk\u00fat\",\"publisher\":{\"@id\":\"https:\\\/\\\/gotzpinceszet.hu\\\/#organization\"},\"potentialAction\":[{\"@type\":\"SearchAction\",\"target\":{\"@type\":\"EntryPoint\",\"urlTemplate\":\"https:\\\/\\\/gotzpinceszet.hu\\\/?s={search_term_string}\"},\"query-input\":{\"@type\":\"PropertyValueSpecification\",\"valueRequired\":true,\"valueName\":\"search_term_string\"}}],\"inLanguage\":\"en-GB\"},{\"@type\":\"Organization\",\"@id\":\"https:\\\/\\\/gotzpinceszet.hu\\\/#organization\",\"name\":\"G\u00f6tz Pinc\u00e9szet\",\"url\":\"https:\\\/\\\/gotzpinceszet.hu\\\/\",\"logo\":{\"@type\":\"ImageObject\",\"inLanguage\":\"en-GB\",\"@id\":\"https:\\\/\\\/gotzpinceszet.hu\\\/#\\\/schema\\\/logo\\\/image\\\/\",\"url\":\"https:\\\/\\\/gotzpinceszet.hu\\\/wp-content\\\/uploads\\\/2025\\\/06\\\/gotz-pinceszet-logo.png\",\"contentUrl\":\"https:\\\/\\\/gotzpinceszet.hu\\\/wp-content\\\/uploads\\\/2025\\\/06\\\/gotz-pinceszet-logo.png\",\"width\":500,\"height\":400,\"caption\":\"G\u00f6tz Pinc\u00e9szet\"},\"image\":{\"@id\":\"https:\\\/\\\/gotzpinceszet.hu\\\/#\\\/schema\\\/logo\\\/image\\\/\"},\"sameAs\":[\"https:\\\/\\\/www.facebook.com\\\/gotzpinceszet\",\"https:\\\/\\\/www.instagram.com\\\/gotzpinceszet\\\/\"]}]}<\/script>\n<!-- \/ Yoast SEO plugin. -->","yoast_head_json":{"title":"Hercegk\u00fat - G\u00f6tz Pinc\u00e9szet Hercegk\u00fat","description":"Hercegk\u00fat - G\u00f6tz Pinc\u00e9szet Hercegk\u00fat","robots":{"index":"index","follow":"follow","max-snippet":"max-snippet:-1","max-image-preview":"max-image-preview:large","max-video-preview":"max-video-preview:-1"},"canonical":"https:\/\/gotzpinceszet.hu\/en\/hercegkut\/","og_locale":"en_GB","og_type":"article","og_title":"Hercegk\u00fat - G\u00f6tz Pinc\u00e9szet Hercegk\u00fat","og_description":"Hercegk\u00fat - G\u00f6tz Pinc\u00e9szet Hercegk\u00fat","og_url":"https:\/\/gotzpinceszet.hu\/en\/hercegkut\/","og_site_name":"G\u00f6tz Pinc\u00e9szet Hercegk\u00fat","article_publisher":"https:\/\/www.facebook.com\/gotzpinceszet","article_modified_time":"2025-07-17T14:05:08+00:00","og_image":[{"width":799,"height":533,"url":"https:\/\/gotzpinceszet.hu\/wp-content\/uploads\/2025\/06\/gotz-pinceszet-37.jpg","type":"image\/jpeg"}],"twitter_card":"summary_large_image","twitter_misc":{"Estimated reading time":"1 minute"},"schema":{"@context":"https:\/\/schema.org","@graph":[{"@type":"WebPage","@id":"https:\/\/gotzpinceszet.hu\/hercegkut\/","url":"https:\/\/gotzpinceszet.hu\/hercegkut\/","name":"Hercegk\u00fat - G\u00f6tz Pinc\u00e9szet Hercegk\u00fat","isPartOf":{"@id":"https:\/\/gotzpinceszet.hu\/#website"},"primaryImageOfPage":{"@id":"https:\/\/gotzpinceszet.hu\/hercegkut\/#primaryimage"},"image":{"@id":"https:\/\/gotzpinceszet.hu\/hercegkut\/#primaryimage"},"thumbnailUrl":"https:\/\/gotzpinceszet.hu\/wp-content\/uploads\/2025\/06\/gotz-pinceszet-37.jpg","datePublished":"2025-06-05T14:59:22+00:00","dateModified":"2025-07-17T14:05:08+00:00","description":"Hercegk\u00fat - G\u00f6tz Pinc\u00e9szet Hercegk\u00fat","breadcrumb":{"@id":"https:\/\/gotzpinceszet.hu\/hercegkut\/#breadcrumb"},"inLanguage":"en-GB","potentialAction":[{"@type":"ReadAction","target":["https:\/\/gotzpinceszet.hu\/hercegkut\/"]}]},{"@type":"ImageObject","inLanguage":"en-GB","@id":"https:\/\/gotzpinceszet.hu\/hercegkut\/#primaryimage","url":"https:\/\/gotzpinceszet.hu\/wp-content\/uploads\/2025\/06\/gotz-pinceszet-37.jpg","contentUrl":"https:\/\/gotzpinceszet.hu\/wp-content\/uploads\/2025\/06\/gotz-pinceszet-37.jpg","width":799,"height":533,"caption":"Hercegk\u00fat"},{"@type":"BreadcrumbList","@id":"https:\/\/gotzpinceszet.hu\/hercegkut\/#breadcrumb","itemListElement":[{"@type":"ListItem","position":1,"name":"Kezd\u0151lap","item":"https:\/\/gotzpinceszet.hu\/"},{"@type":"ListItem","position":2,"name":"Hercegk\u00fat"}]},{"@type":"WebSite","@id":"https:\/\/gotzpinceszet.hu\/#website","url":"https:\/\/gotzpinceszet.hu\/","name":"G\u00f6tz Winery","description":"Bork\u00f3stol\u00e1s - Hercegk\u00fat","publisher":{"@id":"https:\/\/gotzpinceszet.hu\/#organization"},"potentialAction":[{"@type":"SearchAction","target":{"@type":"EntryPoint","urlTemplate":"https:\/\/gotzpinceszet.hu\/?s={search_term_string}"},"query-input":{"@type":"PropertyValueSpecification","valueRequired":true,"valueName":"search_term_string"}}],"inLanguage":"en-GB"},{"@type":"Organization","@id":"https:\/\/gotzpinceszet.hu\/#organization","name":"G\u00f6tz Winery","url":"https:\/\/gotzpinceszet.hu\/","logo":{"@type":"ImageObject","inLanguage":"en-GB","@id":"https:\/\/gotzpinceszet.hu\/#\/schema\/logo\/image\/","url":"https:\/\/gotzpinceszet.hu\/wp-content\/uploads\/2025\/06\/gotz-pinceszet-logo.png","contentUrl":"https:\/\/gotzpinceszet.hu\/wp-content\/uploads\/2025\/06\/gotz-pinceszet-logo.png","width":500,"height":400,"caption":"G\u00f6tz Pinc\u00e9szet"},"image":{"@id":"https:\/\/gotzpinceszet.hu\/#\/schema\/logo\/image\/"},"sameAs":["https:\/\/www.facebook.com\/gotzpinceszet","https:\/\/www.instagram.com\/gotzpinceszet\/"]}]}},"_links":{"self":[{"href":"https:\/\/gotzpinceszet.hu\/en\/wp-json\/wp\/v2\/pages\/640","targetHints":{"allow":["GET"]}}],"collection":[{"href":"https:\/\/gotzpinceszet.hu\/en\/wp-json\/wp\/v2\/pages"}],"about":[{"href":"https:\/\/gotzpinceszet.hu\/en\/wp-json\/wp\/v2\/types\/page"}],"author":[{"embeddable":true,"href":"https:\/\/gotzpinceszet.hu\/en\/wp-json\/wp\/v2\/users\/1"}],"replies":[{"embeddable":true,"href":"https:\/\/gotzpinceszet.hu\/en\/wp-json\/wp\/v2\/comments?post=640"}],"version-history":[{"count":6,"href":"https:\/\/gotzpinceszet.hu\/en\/wp-json\/wp\/v2\/pages\/640\/revisions"}],"predecessor-version":[{"id":646,"href":"https:\/\/gotzpinceszet.hu\/en\/wp-json\/wp\/v2\/pages\/640\/revisions\/646"}],"wp:featuredmedia":[{"embeddable":true,"href":"https:\/\/gotzpinceszet.hu\/en\/wp-json\/wp\/v2\/media\/558"}],"wp:attachment":[{"href":"https:\/\/gotzpinceszet.hu\/en\/wp-json\/wp\/v2\/media?parent=640"}],"curies":[{"name":"wp","href":"https:\/\/api.w.org\/{rel}","templated":true}]}}