{"id":648,"date":"2025-06-05T18:26:42","date_gmt":"2025-06-05T16:26:42","guid":{"rendered":"http:\/\/dev.gotzpinceszet.hu\/?page_id=648"},"modified":"2025-07-17T16:03:17","modified_gmt":"2025-07-17T14:03:17","slug":"360-vr-tura","status":"publish","type":"page","link":"https:\/\/gotzpinceszet.hu\/en\/360-vr-tura\/","title":{"rendered":"360 VR t\u00fara"},"content":{"rendered":"<div id=\"pl-648\"  class=\"panel-layout\" ><div id=\"pg-648-0\"  class=\"panel-grid panel-has-style\" ><div class=\"panel-row-style panel-row-style-for-648-0\" ><div id=\"pgc-648-0-0\"  class=\"panel-grid-cell\" ><div id=\"panel-648-0-0-0\" class=\"so-panel widget widget_black-studio-tinymce widget_black_studio_tinymce panel-first-child panel-last-child\" data-index=\"0\" ><div class=\"textwidget\"><h2 style=\"text-align: center;\">J\u00c1RJA BE A PINC\u00c9SZETET OTTHONR\u00d3L<\/h2>\n<\/div><\/div><\/div><\/div><\/div><div id=\"pg-648-1\"  class=\"panel-grid panel-has-style\" ><div class=\"panel-row-style panel-row-style-for-648-1\" ><div id=\"pgc-648-1-0\"  class=\"panel-grid-cell\" ><div id=\"panel-648-1-0-0\" class=\"so-panel widget widget_black-studio-tinymce widget_black_studio_tinymce panel-first-child panel-last-child\" data-index=\"1\" ><div class=\"textwidget\"><h5 style=\"text-align: center;\"><span style=\"color: #b2936d;\">Fedezze fel a G\u00f6tz Pinc\u00e9szet minden zug\u00e1t 360\u00b0-os virtu\u00e1lis t\u00far\u00e1nkon! A hord\u00f3s \u00e9rlel\u0151teremt\u0151l a k\u00f3stol\u00f3helyis\u00e9gig \u2013, mintha ott lenne szem\u00e9lyesen.<\/span><\/h5>\n<\/div><\/div><\/div><\/div><\/div><div id=\"pg-648-2\"  class=\"panel-grid panel-has-style\" ><div class=\"panel-row-style panel-row-style-for-648-2\" ><div id=\"pgc-648-2-0\"  class=\"panel-grid-cell\" ><div id=\"panel-648-2-0-0\" class=\"so-panel widget widget_black-studio-tinymce widget_black_studio_tinymce panel-first-child panel-last-child\" data-index=\"2\" ><div class=\"textwidget\"><p><iframe loading=\"lazy\" src=\"https:\/\/www.owanderer.com\/vr\/gotz\/\" width=\"100%\" height=\"550\" frameborder=\"0\" allowfullscreen=\"allowfullscreen\"><\/iframe><\/p>\n<\/div><\/div><\/div><\/div><\/div><div id=\"pg-648-3\"  class=\"panel-grid panel-no-style\" ><div id=\"pgc-648-3-0\"  class=\"panel-grid-cell\" ><div id=\"panel-648-3-0-0\" class=\"so-panel widget widget_black-studio-tinymce widget_black_studio_tinymce panel-first-child panel-last-child\" data-index=\"3\" ><div class=\"textwidget\"><p style=\"text-align: center;\"><a href=\"https:\/\/gotzpinceszet.hu\/en\/galeria\/\" id=\"kadbtn7922\" target=\"_self\" class=\"btn button btn-shortcode lg-kad-btn\" style=\" border: 0 solid; border-color:#000;  color:#ffffff;\" onmouseover=\"this.style.color=&#039;#ffffff&#039;\" onmouseout=\"this.style.color=&#039;#ffffff&#039;\">GO TO GALLERY <\/a>\n<\/div><\/div><\/div><\/div><\/div>","protected":false},"excerpt":{"rendered":"<p>J\u00c1RJA BE A PINC\u00c9SZETET OTTHONR\u00d3L Fedezze fel a G\u00f6tz Pinc\u00e9szet minden zug\u00e1t 360\u00b0-os virtu\u00e1lis t\u00far\u00e1nkon! A hord\u00f3s \u00e9rlel\u0151teremt\u0151l a k\u00f3stol\u00f3helyis\u00e9gig \u2013, mintha ott lenne szem\u00e9lyesen.<\/p>","protected":false},"author":1,"featured_media":545,"parent":0,"menu_order":0,"comment_status":"closed","ping_status":"closed","template":"","meta":{"footnotes":""},"class_list":["post-648","page","type-page","status-publish","has-post-thumbnail","hentry"],"yoast_head":"<!-- This site is optimized with the Yoast SEO plugin v27.4 - https:\/\/yoast.com\/product\/yoast-seo-wordpress\/ -->\n<title>360 VR t\u00fara - G\u00f6tz Pinc\u00e9szet Hercegk\u00fat<\/title>\n<meta name=\"description\" content=\"360 VR t\u00fara - G\u00f6tz Pinc\u00e9szet Hercegk\u00fat\" \/>\n<meta name=\"robots\" content=\"index, follow, max-snippet:-1, max-image-preview:large, max-video-preview:-1\" \/>\n<link rel=\"canonical\" href=\"https:\/\/gotzpinceszet.hu\/en\/360-vr-tura\/\" \/>\n<meta property=\"og:locale\" content=\"en_GB\" \/>\n<meta property=\"og:type\" content=\"article\" \/>\n<meta property=\"og:title\" content=\"360 VR t\u00fara - G\u00f6tz Pinc\u00e9szet Hercegk\u00fat\" \/>\n<meta property=\"og:description\" content=\"360 VR t\u00fara - G\u00f6tz Pinc\u00e9szet Hercegk\u00fat\" \/>\n<meta property=\"og:url\" content=\"https:\/\/gotzpinceszet.hu\/en\/360-vr-tura\/\" \/>\n<meta property=\"og:site_name\" content=\"G\u00f6tz Pinc\u00e9szet Hercegk\u00fat\" \/>\n<meta property=\"article:publisher\" content=\"https:\/\/www.facebook.com\/gotzpinceszet\" \/>\n<meta property=\"article:modified_time\" content=\"2025-07-17T14:03:17+00:00\" \/>\n<meta property=\"og:image\" content=\"https:\/\/gotzpinceszet.hu\/wp-content\/uploads\/2025\/06\/gotz-pinceszet-24.jpg\" \/>\n\t<meta property=\"og:image:width\" content=\"800\" \/>\n\t<meta property=\"og:image:height\" content=\"533\" \/>\n\t<meta property=\"og:image:type\" content=\"image\/jpeg\" \/>\n<meta name=\"twitter:card\" content=\"summary_large_image\" \/>\n<script type=\"application\/ld+json\" class=\"yoast-schema-graph\">{\"@context\":\"https:\\\/\\\/schema.org\",\"@graph\":[{\"@type\":\"WebPage\",\"@id\":\"https:\\\/\\\/gotzpinceszet.hu\\\/360-vr-tura\\\/\",\"url\":\"https:\\\/\\\/gotzpinceszet.hu\\\/360-vr-tura\\\/\",\"name\":\"360 VR t\u00fara - G\u00f6tz Pinc\u00e9szet Hercegk\u00fat\",\"isPartOf\":{\"@id\":\"https:\\\/\\\/gotzpinceszet.hu\\\/#website\"},\"primaryImageOfPage\":{\"@id\":\"https:\\\/\\\/gotzpinceszet.hu\\\/360-vr-tura\\\/#primaryimage\"},\"image\":{\"@id\":\"https:\\\/\\\/gotzpinceszet.hu\\\/360-vr-tura\\\/#primaryimage\"},\"thumbnailUrl\":\"https:\\\/\\\/gotzpinceszet.hu\\\/wp-content\\\/uploads\\\/2025\\\/06\\\/gotz-pinceszet-24.jpg\",\"datePublished\":\"2025-06-05T16:26:42+00:00\",\"dateModified\":\"2025-07-17T14:03:17+00:00\",\"description\":\"360 VR t\u00fara - G\u00f6tz Pinc\u00e9szet Hercegk\u00fat\",\"breadcrumb\":{\"@id\":\"https:\\\/\\\/gotzpinceszet.hu\\\/360-vr-tura\\\/#breadcrumb\"},\"inLanguage\":\"en-GB\",\"potentialAction\":[{\"@type\":\"ReadAction\",\"target\":[\"https:\\\/\\\/gotzpinceszet.hu\\\/360-vr-tura\\\/\"]}]},{\"@type\":\"ImageObject\",\"inLanguage\":\"en-GB\",\"@id\":\"https:\\\/\\\/gotzpinceszet.hu\\\/360-vr-tura\\\/#primaryimage\",\"url\":\"https:\\\/\\\/gotzpinceszet.hu\\\/wp-content\\\/uploads\\\/2025\\\/06\\\/gotz-pinceszet-24.jpg\",\"contentUrl\":\"https:\\\/\\\/gotzpinceszet.hu\\\/wp-content\\\/uploads\\\/2025\\\/06\\\/gotz-pinceszet-24.jpg\",\"width\":800,\"height\":533,\"caption\":\"G\u00f6tz Pinc\u00e9szet\"},{\"@type\":\"BreadcrumbList\",\"@id\":\"https:\\\/\\\/gotzpinceszet.hu\\\/360-vr-tura\\\/#breadcrumb\",\"itemListElement\":[{\"@type\":\"ListItem\",\"position\":1,\"name\":\"Kezd\u0151lap\",\"item\":\"https:\\\/\\\/gotzpinceszet.hu\\\/\"},{\"@type\":\"ListItem\",\"position\":2,\"name\":\"360 VR t\u00fara\"}]},{\"@type\":\"WebSite\",\"@id\":\"https:\\\/\\\/gotzpinceszet.hu\\\/#website\",\"url\":\"https:\\\/\\\/gotzpinceszet.hu\\\/\",\"name\":\"G\u00f6tz Pinc\u00e9szet\",\"description\":\"Bork\u00f3stol\u00e1s - Hercegk\u00fat\",\"publisher\":{\"@id\":\"https:\\\/\\\/gotzpinceszet.hu\\\/#organization\"},\"potentialAction\":[{\"@type\":\"SearchAction\",\"target\":{\"@type\":\"EntryPoint\",\"urlTemplate\":\"https:\\\/\\\/gotzpinceszet.hu\\\/?s={search_term_string}\"},\"query-input\":{\"@type\":\"PropertyValueSpecification\",\"valueRequired\":true,\"valueName\":\"search_term_string\"}}],\"inLanguage\":\"en-GB\"},{\"@type\":\"Organization\",\"@id\":\"https:\\\/\\\/gotzpinceszet.hu\\\/#organization\",\"name\":\"G\u00f6tz Pinc\u00e9szet\",\"url\":\"https:\\\/\\\/gotzpinceszet.hu\\\/\",\"logo\":{\"@type\":\"ImageObject\",\"inLanguage\":\"en-GB\",\"@id\":\"https:\\\/\\\/gotzpinceszet.hu\\\/#\\\/schema\\\/logo\\\/image\\\/\",\"url\":\"https:\\\/\\\/gotzpinceszet.hu\\\/wp-content\\\/uploads\\\/2025\\\/06\\\/gotz-pinceszet-logo.png\",\"contentUrl\":\"https:\\\/\\\/gotzpinceszet.hu\\\/wp-content\\\/uploads\\\/2025\\\/06\\\/gotz-pinceszet-logo.png\",\"width\":500,\"height\":400,\"caption\":\"G\u00f6tz Pinc\u00e9szet\"},\"image\":{\"@id\":\"https:\\\/\\\/gotzpinceszet.hu\\\/#\\\/schema\\\/logo\\\/image\\\/\"},\"sameAs\":[\"https:\\\/\\\/www.facebook.com\\\/gotzpinceszet\",\"https:\\\/\\\/www.instagram.com\\\/gotzpinceszet\\\/\"]}]}<\/script>\n<!-- \/ Yoast SEO plugin. -->","yoast_head_json":{"title":"360 VR t\u00fara - G\u00f6tz Pinc\u00e9szet Hercegk\u00fat","description":"360 VR t\u00fara - G\u00f6tz Pinc\u00e9szet Hercegk\u00fat","robots":{"index":"index","follow":"follow","max-snippet":"max-snippet:-1","max-image-preview":"max-image-preview:large","max-video-preview":"max-video-preview:-1"},"canonical":"https:\/\/gotzpinceszet.hu\/en\/360-vr-tura\/","og_locale":"en_GB","og_type":"article","og_title":"360 VR t\u00fara - G\u00f6tz Pinc\u00e9szet Hercegk\u00fat","og_description":"360 VR t\u00fara - G\u00f6tz Pinc\u00e9szet Hercegk\u00fat","og_url":"https:\/\/gotzpinceszet.hu\/en\/360-vr-tura\/","og_site_name":"G\u00f6tz Pinc\u00e9szet Hercegk\u00fat","article_publisher":"https:\/\/www.facebook.com\/gotzpinceszet","article_modified_time":"2025-07-17T14:03:17+00:00","og_image":[{"width":800,"height":533,"url":"https:\/\/gotzpinceszet.hu\/wp-content\/uploads\/2025\/06\/gotz-pinceszet-24.jpg","type":"image\/jpeg"}],"twitter_card":"summary_large_image","schema":{"@context":"https:\/\/schema.org","@graph":[{"@type":"WebPage","@id":"https:\/\/gotzpinceszet.hu\/360-vr-tura\/","url":"https:\/\/gotzpinceszet.hu\/360-vr-tura\/","name":"360 VR t\u00fara - G\u00f6tz Pinc\u00e9szet Hercegk\u00fat","isPartOf":{"@id":"https:\/\/gotzpinceszet.hu\/#website"},"primaryImageOfPage":{"@id":"https:\/\/gotzpinceszet.hu\/360-vr-tura\/#primaryimage"},"image":{"@id":"https:\/\/gotzpinceszet.hu\/360-vr-tura\/#primaryimage"},"thumbnailUrl":"https:\/\/gotzpinceszet.hu\/wp-content\/uploads\/2025\/06\/gotz-pinceszet-24.jpg","datePublished":"2025-06-05T16:26:42+00:00","dateModified":"2025-07-17T14:03:17+00:00","description":"360 VR t\u00fara - G\u00f6tz Pinc\u00e9szet Hercegk\u00fat","breadcrumb":{"@id":"https:\/\/gotzpinceszet.hu\/360-vr-tura\/#breadcrumb"},"inLanguage":"en-GB","potentialAction":[{"@type":"ReadAction","target":["https:\/\/gotzpinceszet.hu\/360-vr-tura\/"]}]},{"@type":"ImageObject","inLanguage":"en-GB","@id":"https:\/\/gotzpinceszet.hu\/360-vr-tura\/#primaryimage","url":"https:\/\/gotzpinceszet.hu\/wp-content\/uploads\/2025\/06\/gotz-pinceszet-24.jpg","contentUrl":"https:\/\/gotzpinceszet.hu\/wp-content\/uploads\/2025\/06\/gotz-pinceszet-24.jpg","width":800,"height":533,"caption":"G\u00f6tz Pinc\u00e9szet"},{"@type":"BreadcrumbList","@id":"https:\/\/gotzpinceszet.hu\/360-vr-tura\/#breadcrumb","itemListElement":[{"@type":"ListItem","position":1,"name":"Kezd\u0151lap","item":"https:\/\/gotzpinceszet.hu\/"},{"@type":"ListItem","position":2,"name":"360 VR t\u00fara"}]},{"@type":"WebSite","@id":"https:\/\/gotzpinceszet.hu\/#website","url":"https:\/\/gotzpinceszet.hu\/","name":"G\u00f6tz Winery","description":"Bork\u00f3stol\u00e1s - Hercegk\u00fat","publisher":{"@id":"https:\/\/gotzpinceszet.hu\/#organization"},"potentialAction":[{"@type":"SearchAction","target":{"@type":"EntryPoint","urlTemplate":"https:\/\/gotzpinceszet.hu\/?s={search_term_string}"},"query-input":{"@type":"PropertyValueSpecification","valueRequired":true,"valueName":"search_term_string"}}],"inLanguage":"en-GB"},{"@type":"Organization","@id":"https:\/\/gotzpinceszet.hu\/#organization","name":"G\u00f6tz Winery","url":"https:\/\/gotzpinceszet.hu\/","logo":{"@type":"ImageObject","inLanguage":"en-GB","@id":"https:\/\/gotzpinceszet.hu\/#\/schema\/logo\/image\/","url":"https:\/\/gotzpinceszet.hu\/wp-content\/uploads\/2025\/06\/gotz-pinceszet-logo.png","contentUrl":"https:\/\/gotzpinceszet.hu\/wp-content\/uploads\/2025\/06\/gotz-pinceszet-logo.png","width":500,"height":400,"caption":"G\u00f6tz Pinc\u00e9szet"},"image":{"@id":"https:\/\/gotzpinceszet.hu\/#\/schema\/logo\/image\/"},"sameAs":["https:\/\/www.facebook.com\/gotzpinceszet","https:\/\/www.instagram.com\/gotzpinceszet\/"]}]}},"_links":{"self":[{"href":"https:\/\/gotzpinceszet.hu\/en\/wp-json\/wp\/v2\/pages\/648","targetHints":{"allow":["GET"]}}],"collection":[{"href":"https:\/\/gotzpinceszet.hu\/en\/wp-json\/wp\/v2\/pages"}],"about":[{"href":"https:\/\/gotzpinceszet.hu\/en\/wp-json\/wp\/v2\/types\/page"}],"author":[{"embeddable":true,"href":"https:\/\/gotzpinceszet.hu\/en\/wp-json\/wp\/v2\/users\/1"}],"replies":[{"embeddable":true,"href":"https:\/\/gotzpinceszet.hu\/en\/wp-json\/wp\/v2\/comments?post=648"}],"version-history":[{"count":4,"href":"https:\/\/gotzpinceszet.hu\/en\/wp-json\/wp\/v2\/pages\/648\/revisions"}],"predecessor-version":[{"id":980,"href":"https:\/\/gotzpinceszet.hu\/en\/wp-json\/wp\/v2\/pages\/648\/revisions\/980"}],"wp:featuredmedia":[{"embeddable":true,"href":"https:\/\/gotzpinceszet.hu\/en\/wp-json\/wp\/v2\/media\/545"}],"wp:attachment":[{"href":"https:\/\/gotzpinceszet.hu\/en\/wp-json\/wp\/v2\/media?parent=648"}],"curies":[{"name":"wp","href":"https:\/\/api.w.org\/{rel}","templated":true}]}}