{"id":704,"date":"2025-06-06T17:59:20","date_gmt":"2025-06-06T15:59:20","guid":{"rendered":"http:\/\/dev.gotzpinceszet.hu\/?page_id=704"},"modified":"2025-06-06T18:14:36","modified_gmt":"2025-06-06T16:14:36","slug":"eu-tamogatas","status":"publish","type":"page","link":"https:\/\/gotzpinceszet.hu\/en\/eu-tamogatas\/","title":{"rendered":"EU funding programs"},"content":{"rendered":"<div id=\"pl-704\"  class=\"panel-layout\" ><div id=\"pg-704-0\"  class=\"panel-grid panel-has-style\" ><div class=\"panel-row-style panel-row-style-for-704-0\" ><div id=\"pgc-704-0-0\"  class=\"panel-grid-cell\" ><div id=\"panel-704-0-0-0\" class=\"so-panel widget widget_black-studio-tinymce widget_black_studio_tinymce panel-first-child panel-last-child\" data-index=\"0\" ><div class=\"textwidget\"><h2 style=\"text-align: center;\">A G\u00d6TZ PINC\u00c9SZET BOR\u00c1SZATI TECHNOL\u00d3GIA \u00c9S KAPACIT\u00c1SB\u0150V\u00cdT\u0150 FEJLESZT\u00c9S\u00c9NEK MEGVAL\u00d3S\u00cdT\u00c1SA HERCEGK\u00daTON<\/h2>\n<\/div><\/div><\/div><\/div><\/div><div id=\"pg-704-1\"  class=\"panel-grid panel-has-style\" ><div class=\"panel-row-style panel-row-style-for-704-1\" ><div id=\"pgc-704-1-0\"  class=\"panel-grid-cell\" ><div id=\"panel-704-1-0-0\" class=\"so-panel widget widget_black-studio-tinymce widget_black_studio_tinymce panel-first-child\" data-index=\"1\" ><div class=\"panel-widget-style panel-widget-style-for-704-1-0-0\" ><div class=\"textwidget\"><p>Annak \u00e9rdek\u00e9ben, hogy min\u00e9l magasabb min\u0151s\u00e9g borokat tudjunk k\u00edn\u00e1lni az ig\u00e9nyes k\u00fclf\u00f6ldi \u00e9s belf\u00f6ldi piacokra, ahhoz els\u0151sorban korszer\u0171, modern borkezel\u00e9si, bork\u00e9sz\u00edt\u00e9si, \u00e9rlel\u00e9si technol\u00f3gi\u00e1ra \u00e9s infrastrukt\u00far\u00e1ra van sz\u00fcks\u00e9g.<\/p>\n<p>Megval\u00f3sult fejleszt\u00e9s\u00fcnk \u00f6sszess\u00e9g\u00e9ben alkot egy m\u0171k\u00f6d\u0151 rendszert, amely biztos\u00edtja a bor\u00e1szat eredm\u00e9nyes m\u0171k\u00f6d\u00e9s\u00e9t, stabilit\u00e1s\u00e1t az\u00e1ltal, hogy a val\u00f3s piaci ig\u00e9nyekre reflekt\u00e1l, emellett k\u00f6rnyezetbar\u00e1t m\u00f3don reag\u00e1l a kor technol\u00f3giai ig\u00e9nyeire. A kereslet miatt szeretn\u00e9nk nagyobb mennyis\u00e9g\u0171 sz\u0151l\u0151t feldolgozni, ez\u00e1ltal t\u00f6bb redukt\u00edv \u00e9s oxidat\u00edv bort k\u00e9sz\u00edteni. Mivel a kor\u00e1bbi feldolgoz\u00f3 \u00fczem\u00fcnk kicsinek bizonyult, ez\u00e9rt c\u00e9lul t\u0171zt\u00fck ki egy \u00faj \u00e9p\u00fclet \u00e9p\u00edt\u00e9s\u00e9t, \u00e9rlel\u0151 tart\u00e1lyok beszerz\u00e9s\u00e9t h\u0171t\u00e9ssel \u00e9s hord\u00f3k beszerz\u00e9s\u00e9t.<\/p>\n<p>A bork\u00e9sz\u00edt\u00e9s, kezel\u00e9s, \u00e9rlel\u00e9s technol\u00f3gi\u00e1j\u00e1t a k\u00fclt\u00e9ri l\u00e9gh\u0171t\u00e9ses kompakt folyad\u00e9kh\u0171t\u0151 berendez\u00e9s, a 10 db 100 hl-es rozsdamentes, l\u00e1bon\u00e1ll\u00f3, feh\u00e9rerjeszt\u0151 tart\u00e1ly, \u00e9s a 65 db 220 literes Szerednyei t\u00edpus\u00fa t\u00f6lgy hord\u00f3 beszerz\u00e9se seg\u00edti. A magasabb hozz\u00e1adott \u00e9rt\u00e9k\u0171 term\u00e9k el\u0151\u00e1ll\u00edt\u00e1s\u00e1hoz, a term\u00e9k min\u0151s\u00e9g\u00e9nek jav\u00edt\u00e1s\u00e1hoz \u00e9s a sz\u00fcks\u00e9ges beavatkoz\u00e1sok meghat\u00e1roz\u00e1s\u00e1hoz elengedhetetlenek voltak ezek a fejleszt\u00e9sek, melyek a feldolgoz\u00e1s \u00e9s az \u00e9rlel\u00e9s kapacit\u00e1s\u00e1t jelent\u0151sen megn\u00f6velik. A beszerz\u00e9sre ker\u00fclt eszk\u00f6z\u00f6k mind a redukt\u00edv, mind pedig az oxidat\u00edv technol\u00f3gi\u00e1val k\u00e9sz\u00fcl\u0151 term\u00e9keket t\u00e1mogatj\u00e1k.<\/p>\n<p>A borfeldolgoz\u00f3 \u00e9p\u00fclet energiaig\u00e9ny\u00e9nek t\u00e1mogat\u00e1s\u00e1ra 20 kWp teljes\u00edtm\u00e9ny\u0171 napelemes rendszer ker\u00fclt telep\u00edt\u00e9sre, valamint energiatakar\u00e9kos LED l\u00e1mpatestek ker\u00fclnek az \u00faj bor\u00e1szati feldolgoz\u00f3 \u00e9p\u00fcletbe.<\/p>\n<p>A megval\u00f3sul\u00f3 fejleszt\u00e9ssel javul a v\u00e1llalkoz\u00e1s versenyk\u00e9pess\u00e9ge. Az els\u0151 \u00e9vben befektetett eszk\u00f6z\u00f6kb\u0151l a m\u0171k\u00f6dtet\u00e9si id\u0151szak \u00e9veiben megt\u00e9r\u00fcl a befektetett t\u0151ke, ez\u00e1ltal lehet\u0151s\u00e9g ny\u00edlik tov\u00e1bbi kapacit\u00e1sb\u0151v\u00edt\u00e9sre, vagyis b\u0151v\u00fcl a gazdas\u00e1g m\u00e9rete. Mindezt a hazai \u00e9s export piacokon fenn\u00e1ll\u00f3 keresletre alapozzuk, melyre v\u00e1lasz az \u00e1ltalunk k\u00edn\u00e1lt k\u00fcl\u00f6nlegesen magas min\u0151s\u00e9g\u0171 tokaji bor el\u0151\u00e1ll\u00edt\u00e1sa.<\/p>\n<p>A fejleszt\u00e9s megval\u00f3sul\u00e1s\u00e1val javulnak az \u00e9rt\u00e9kes\u00edt\u00e9s felt\u00e9telei, ennek k\u00f6zvetlen eredm\u00e9nyek\u00e9nt a piaci r\u00e9szesed\u00e9s meg\u0151rz\u00e9se mellett lehet\u0151s\u00e9g ny\u00edlik tov\u00e1bbi piaci r\u00e9sek megc\u00e9lz\u00e1s\u00e1ra is, a piaci r\u00e9szesed\u00e9s n\u00f6vel\u00e9s\u00e9re, spektrum\u00e1nak b\u0151v\u00edt\u00e9s\u00e9re.<\/p>\n<p>Jelen fejleszt\u00e9s megval\u00f3s\u00edt\u00e1sa k\u00f6lts\u00e9ghat\u00e9konyabb gazd\u00e1lkod\u00e1st tesz lehet\u0151v\u00e9 sz\u00e1munkra a lehet\u0151 legt\u00f6bb munkafolyamat sor\u00e1n, nem besz\u00e9lve a meg\u00fajul\u00f3 energiaforr\u00e1st hasznos\u00edt\u00f3 berendez\u00e9s \u00e1ltal realiz\u00e1lt k\u00f6lts\u00e9gmegtakar\u00edt\u00e1sr\u00f3l.<\/p>\n<\/div><\/div><\/div><div id=\"panel-704-1-0-1\" class=\"so-panel widget widget_black-studio-tinymce widget_black_studio_tinymce panel-last-child\" data-index=\"2\" ><div class=\"textwidget\"><p><img loading=\"lazy\" decoding=\"async\" class=\"wp-image-708 size-full aligncenter\" src=\"https:\/\/gotzpinceszet.hu\/wp-content\/uploads\/2025\/06\/gotz-tamogatas.jpg\" alt=\"G\u00f6tz pinc\u00e9szet t\u00e1mogat\u00e1s, EU p\u00e1ly\u00e1zat\" width=\"1200\" height=\"702\" srcset=\"https:\/\/gotzpinceszet.hu\/wp-content\/uploads\/2025\/06\/gotz-tamogatas.jpg 1200w, https:\/\/gotzpinceszet.hu\/wp-content\/uploads\/2025\/06\/gotz-tamogatas-300x176.jpg 300w, https:\/\/gotzpinceszet.hu\/wp-content\/uploads\/2025\/06\/gotz-tamogatas-1024x599.jpg 1024w, https:\/\/gotzpinceszet.hu\/wp-content\/uploads\/2025\/06\/gotz-tamogatas-768x449.jpg 768w, https:\/\/gotzpinceszet.hu\/wp-content\/uploads\/2025\/06\/gotz-tamogatas-600x351.jpg 600w\" sizes=\"auto, (max-width: 1200px) 100vw, 1200px\" \/><\/p>\n<\/div><\/div><\/div><\/div><\/div><\/div>","protected":false},"excerpt":{"rendered":"<p>A G\u00d6TZ PINC\u00c9SZET BOR\u00c1SZATI TECHNOL\u00d3GIA \u00c9S KAPACIT\u00c1SB\u0150V\u00cdT\u0150 FEJLESZT\u00c9S\u00c9NEK MEGVAL\u00d3S\u00cdT\u00c1SA HERCEGK\u00daTON Annak \u00e9rdek\u00e9ben, hogy min\u00e9l magasabb min\u0151s\u00e9g borokat tudjunk k\u00edn\u00e1lni az ig\u00e9nyes k\u00fclf\u00f6ldi \u00e9s belf\u00f6ldi piacokra, ahhoz els\u0151sorban korszer\u0171, modern borkezel\u00e9si, bork\u00e9sz\u00edt\u00e9si, \u00e9rlel\u00e9si technol\u00f3gi\u00e1ra \u00e9s infrastrukt\u00far\u00e1ra van sz\u00fcks\u00e9g. Megval\u00f3sult fejleszt\u00e9s\u00fcnk \u00f6sszess\u00e9g\u00e9ben &hellip; <a class=\"kt-excerpt-readmore more-link\" href=\"https:\/\/gotzpinceszet.hu\/en\/eu-tamogatas\/\" aria-label=\"EU funding programs\">More<\/a><\/p>","protected":false},"author":1,"featured_media":0,"parent":0,"menu_order":0,"comment_status":"closed","ping_status":"closed","template":"","meta":{"footnotes":""},"class_list":["post-704","page","type-page","status-publish","hentry"],"yoast_head":"<!-- This site is optimized with the Yoast SEO plugin v27.4 - https:\/\/yoast.com\/product\/yoast-seo-wordpress\/ -->\n<title>EU t\u00e1mogat\u00e1s - G\u00f6tz Pinc\u00e9szet Hercegk\u00fat<\/title>\n<meta name=\"description\" content=\"EU t\u00e1mogat\u00e1s - G\u00f6tz Pinc\u00e9szet Hercegk\u00fat\" \/>\n<meta name=\"robots\" content=\"index, follow, max-snippet:-1, max-image-preview:large, max-video-preview:-1\" \/>\n<link rel=\"canonical\" href=\"https:\/\/gotzpinceszet.hu\/en\/eu-tamogatas\/\" \/>\n<meta property=\"og:locale\" content=\"en_GB\" \/>\n<meta property=\"og:type\" content=\"article\" \/>\n<meta property=\"og:title\" content=\"EU t\u00e1mogat\u00e1s - G\u00f6tz Pinc\u00e9szet Hercegk\u00fat\" \/>\n<meta property=\"og:description\" content=\"EU t\u00e1mogat\u00e1s - G\u00f6tz Pinc\u00e9szet Hercegk\u00fat\" \/>\n<meta property=\"og:url\" content=\"https:\/\/gotzpinceszet.hu\/en\/eu-tamogatas\/\" \/>\n<meta property=\"og:site_name\" content=\"G\u00f6tz Pinc\u00e9szet Hercegk\u00fat\" \/>\n<meta property=\"article:publisher\" content=\"https:\/\/www.facebook.com\/gotzpinceszet\" \/>\n<meta property=\"article:modified_time\" content=\"2025-06-06T16:14:36+00:00\" \/>\n<meta property=\"og:image\" content=\"https:\/\/gotzpinceszet.hu\/wp-content\/uploads\/2025\/06\/gotz-tamogatas.jpg\" \/>\n\t<meta property=\"og:image:width\" content=\"1200\" \/>\n\t<meta property=\"og:image:height\" content=\"702\" \/>\n\t<meta property=\"og:image:type\" content=\"image\/jpeg\" \/>\n<meta name=\"twitter:card\" content=\"summary_large_image\" \/>\n<meta name=\"twitter:label1\" content=\"Estimated reading time\" \/>\n\t<meta name=\"twitter:data1\" content=\"3 minutes\" \/>\n<script type=\"application\/ld+json\" class=\"yoast-schema-graph\">{\"@context\":\"https:\\\/\\\/schema.org\",\"@graph\":[{\"@type\":\"WebPage\",\"@id\":\"https:\\\/\\\/gotzpinceszet.hu\\\/eu-tamogatas\\\/\",\"url\":\"https:\\\/\\\/gotzpinceszet.hu\\\/eu-tamogatas\\\/\",\"name\":\"EU t\u00e1mogat\u00e1s - G\u00f6tz Pinc\u00e9szet Hercegk\u00fat\",\"isPartOf\":{\"@id\":\"https:\\\/\\\/gotzpinceszet.hu\\\/#website\"},\"primaryImageOfPage\":{\"@id\":\"https:\\\/\\\/gotzpinceszet.hu\\\/eu-tamogatas\\\/#primaryimage\"},\"image\":{\"@id\":\"https:\\\/\\\/gotzpinceszet.hu\\\/eu-tamogatas\\\/#primaryimage\"},\"thumbnailUrl\":\"https:\\\/\\\/gotzpinceszet.hu\\\/wp-content\\\/uploads\\\/2025\\\/06\\\/gotz-tamogatas.jpg\",\"datePublished\":\"2025-06-06T15:59:20+00:00\",\"dateModified\":\"2025-06-06T16:14:36+00:00\",\"description\":\"EU t\u00e1mogat\u00e1s - G\u00f6tz Pinc\u00e9szet Hercegk\u00fat\",\"breadcrumb\":{\"@id\":\"https:\\\/\\\/gotzpinceszet.hu\\\/eu-tamogatas\\\/#breadcrumb\"},\"inLanguage\":\"en-GB\",\"potentialAction\":[{\"@type\":\"ReadAction\",\"target\":[\"https:\\\/\\\/gotzpinceszet.hu\\\/eu-tamogatas\\\/\"]}]},{\"@type\":\"ImageObject\",\"inLanguage\":\"en-GB\",\"@id\":\"https:\\\/\\\/gotzpinceszet.hu\\\/eu-tamogatas\\\/#primaryimage\",\"url\":\"https:\\\/\\\/gotzpinceszet.hu\\\/wp-content\\\/uploads\\\/2025\\\/06\\\/gotz-tamogatas.jpg\",\"contentUrl\":\"https:\\\/\\\/gotzpinceszet.hu\\\/wp-content\\\/uploads\\\/2025\\\/06\\\/gotz-tamogatas.jpg\"},{\"@type\":\"BreadcrumbList\",\"@id\":\"https:\\\/\\\/gotzpinceszet.hu\\\/eu-tamogatas\\\/#breadcrumb\",\"itemListElement\":[{\"@type\":\"ListItem\",\"position\":1,\"name\":\"Kezd\u0151lap\",\"item\":\"https:\\\/\\\/gotzpinceszet.hu\\\/\"},{\"@type\":\"ListItem\",\"position\":2,\"name\":\"EU t\u00e1mogat\u00e1s\"}]},{\"@type\":\"WebSite\",\"@id\":\"https:\\\/\\\/gotzpinceszet.hu\\\/#website\",\"url\":\"https:\\\/\\\/gotzpinceszet.hu\\\/\",\"name\":\"G\u00f6tz Pinc\u00e9szet\",\"description\":\"Bork\u00f3stol\u00e1s - Hercegk\u00fat\",\"publisher\":{\"@id\":\"https:\\\/\\\/gotzpinceszet.hu\\\/#organization\"},\"potentialAction\":[{\"@type\":\"SearchAction\",\"target\":{\"@type\":\"EntryPoint\",\"urlTemplate\":\"https:\\\/\\\/gotzpinceszet.hu\\\/?s={search_term_string}\"},\"query-input\":{\"@type\":\"PropertyValueSpecification\",\"valueRequired\":true,\"valueName\":\"search_term_string\"}}],\"inLanguage\":\"en-GB\"},{\"@type\":\"Organization\",\"@id\":\"https:\\\/\\\/gotzpinceszet.hu\\\/#organization\",\"name\":\"G\u00f6tz Pinc\u00e9szet\",\"url\":\"https:\\\/\\\/gotzpinceszet.hu\\\/\",\"logo\":{\"@type\":\"ImageObject\",\"inLanguage\":\"en-GB\",\"@id\":\"https:\\\/\\\/gotzpinceszet.hu\\\/#\\\/schema\\\/logo\\\/image\\\/\",\"url\":\"https:\\\/\\\/gotzpinceszet.hu\\\/wp-content\\\/uploads\\\/2025\\\/06\\\/gotz-pinceszet-logo.png\",\"contentUrl\":\"https:\\\/\\\/gotzpinceszet.hu\\\/wp-content\\\/uploads\\\/2025\\\/06\\\/gotz-pinceszet-logo.png\",\"width\":500,\"height\":400,\"caption\":\"G\u00f6tz Pinc\u00e9szet\"},\"image\":{\"@id\":\"https:\\\/\\\/gotzpinceszet.hu\\\/#\\\/schema\\\/logo\\\/image\\\/\"},\"sameAs\":[\"https:\\\/\\\/www.facebook.com\\\/gotzpinceszet\",\"https:\\\/\\\/www.instagram.com\\\/gotzpinceszet\\\/\"]}]}<\/script>\n<!-- \/ Yoast SEO plugin. -->","yoast_head_json":{"title":"EU t\u00e1mogat\u00e1s - G\u00f6tz Pinc\u00e9szet Hercegk\u00fat","description":"EU t\u00e1mogat\u00e1s - G\u00f6tz Pinc\u00e9szet Hercegk\u00fat","robots":{"index":"index","follow":"follow","max-snippet":"max-snippet:-1","max-image-preview":"max-image-preview:large","max-video-preview":"max-video-preview:-1"},"canonical":"https:\/\/gotzpinceszet.hu\/en\/eu-tamogatas\/","og_locale":"en_GB","og_type":"article","og_title":"EU t\u00e1mogat\u00e1s - G\u00f6tz Pinc\u00e9szet Hercegk\u00fat","og_description":"EU t\u00e1mogat\u00e1s - G\u00f6tz Pinc\u00e9szet Hercegk\u00fat","og_url":"https:\/\/gotzpinceszet.hu\/en\/eu-tamogatas\/","og_site_name":"G\u00f6tz Pinc\u00e9szet Hercegk\u00fat","article_publisher":"https:\/\/www.facebook.com\/gotzpinceszet","article_modified_time":"2025-06-06T16:14:36+00:00","og_image":[{"width":1200,"height":702,"url":"https:\/\/gotzpinceszet.hu\/wp-content\/uploads\/2025\/06\/gotz-tamogatas.jpg","type":"image\/jpeg"}],"twitter_card":"summary_large_image","twitter_misc":{"Estimated reading time":"3 minutes"},"schema":{"@context":"https:\/\/schema.org","@graph":[{"@type":"WebPage","@id":"https:\/\/gotzpinceszet.hu\/eu-tamogatas\/","url":"https:\/\/gotzpinceszet.hu\/eu-tamogatas\/","name":"EU t\u00e1mogat\u00e1s - G\u00f6tz Pinc\u00e9szet Hercegk\u00fat","isPartOf":{"@id":"https:\/\/gotzpinceszet.hu\/#website"},"primaryImageOfPage":{"@id":"https:\/\/gotzpinceszet.hu\/eu-tamogatas\/#primaryimage"},"image":{"@id":"https:\/\/gotzpinceszet.hu\/eu-tamogatas\/#primaryimage"},"thumbnailUrl":"https:\/\/gotzpinceszet.hu\/wp-content\/uploads\/2025\/06\/gotz-tamogatas.jpg","datePublished":"2025-06-06T15:59:20+00:00","dateModified":"2025-06-06T16:14:36+00:00","description":"EU t\u00e1mogat\u00e1s - G\u00f6tz Pinc\u00e9szet Hercegk\u00fat","breadcrumb":{"@id":"https:\/\/gotzpinceszet.hu\/eu-tamogatas\/#breadcrumb"},"inLanguage":"en-GB","potentialAction":[{"@type":"ReadAction","target":["https:\/\/gotzpinceszet.hu\/eu-tamogatas\/"]}]},{"@type":"ImageObject","inLanguage":"en-GB","@id":"https:\/\/gotzpinceszet.hu\/eu-tamogatas\/#primaryimage","url":"https:\/\/gotzpinceszet.hu\/wp-content\/uploads\/2025\/06\/gotz-tamogatas.jpg","contentUrl":"https:\/\/gotzpinceszet.hu\/wp-content\/uploads\/2025\/06\/gotz-tamogatas.jpg"},{"@type":"BreadcrumbList","@id":"https:\/\/gotzpinceszet.hu\/eu-tamogatas\/#breadcrumb","itemListElement":[{"@type":"ListItem","position":1,"name":"Kezd\u0151lap","item":"https:\/\/gotzpinceszet.hu\/"},{"@type":"ListItem","position":2,"name":"EU t\u00e1mogat\u00e1s"}]},{"@type":"WebSite","@id":"https:\/\/gotzpinceszet.hu\/#website","url":"https:\/\/gotzpinceszet.hu\/","name":"G\u00f6tz Winery","description":"Bork\u00f3stol\u00e1s - Hercegk\u00fat","publisher":{"@id":"https:\/\/gotzpinceszet.hu\/#organization"},"potentialAction":[{"@type":"SearchAction","target":{"@type":"EntryPoint","urlTemplate":"https:\/\/gotzpinceszet.hu\/?s={search_term_string}"},"query-input":{"@type":"PropertyValueSpecification","valueRequired":true,"valueName":"search_term_string"}}],"inLanguage":"en-GB"},{"@type":"Organization","@id":"https:\/\/gotzpinceszet.hu\/#organization","name":"G\u00f6tz Winery","url":"https:\/\/gotzpinceszet.hu\/","logo":{"@type":"ImageObject","inLanguage":"en-GB","@id":"https:\/\/gotzpinceszet.hu\/#\/schema\/logo\/image\/","url":"https:\/\/gotzpinceszet.hu\/wp-content\/uploads\/2025\/06\/gotz-pinceszet-logo.png","contentUrl":"https:\/\/gotzpinceszet.hu\/wp-content\/uploads\/2025\/06\/gotz-pinceszet-logo.png","width":500,"height":400,"caption":"G\u00f6tz Pinc\u00e9szet"},"image":{"@id":"https:\/\/gotzpinceszet.hu\/#\/schema\/logo\/image\/"},"sameAs":["https:\/\/www.facebook.com\/gotzpinceszet","https:\/\/www.instagram.com\/gotzpinceszet\/"]}]}},"_links":{"self":[{"href":"https:\/\/gotzpinceszet.hu\/en\/wp-json\/wp\/v2\/pages\/704","targetHints":{"allow":["GET"]}}],"collection":[{"href":"https:\/\/gotzpinceszet.hu\/en\/wp-json\/wp\/v2\/pages"}],"about":[{"href":"https:\/\/gotzpinceszet.hu\/en\/wp-json\/wp\/v2\/types\/page"}],"author":[{"embeddable":true,"href":"https:\/\/gotzpinceszet.hu\/en\/wp-json\/wp\/v2\/users\/1"}],"replies":[{"embeddable":true,"href":"https:\/\/gotzpinceszet.hu\/en\/wp-json\/wp\/v2\/comments?post=704"}],"version-history":[{"count":8,"href":"https:\/\/gotzpinceszet.hu\/en\/wp-json\/wp\/v2\/pages\/704\/revisions"}],"predecessor-version":[{"id":716,"href":"https:\/\/gotzpinceszet.hu\/en\/wp-json\/wp\/v2\/pages\/704\/revisions\/716"}],"wp:attachment":[{"href":"https:\/\/gotzpinceszet.hu\/en\/wp-json\/wp\/v2\/media?parent=704"}],"curies":[{"name":"wp","href":"https:\/\/api.w.org\/{rel}","templated":true}]}}