{"id":712,"date":"2025-06-06T18:11:33","date_gmt":"2025-06-06T16:11:33","guid":{"rendered":"http:\/\/dev.gotzpinceszet.hu\/?page_id=712"},"modified":"2025-07-14T19:57:17","modified_gmt":"2025-07-14T17:57:17","slug":"impresszum","status":"publish","type":"page","link":"https:\/\/gotzpinceszet.hu\/en\/impresszum\/","title":{"rendered":"Imprint"},"content":{"rendered":"<div id=\"pl-712\"  class=\"panel-layout\" ><div id=\"pg-712-0\"  class=\"panel-grid panel-has-style\" ><div class=\"panel-row-style panel-row-style-for-712-0\" ><div id=\"pgc-712-0-0\"  class=\"panel-grid-cell\" ><div id=\"panel-712-0-0-0\" class=\"so-panel widget widget_black-studio-tinymce widget_black_studio_tinymce panel-first-child panel-last-child\" data-index=\"0\" ><div class=\"textwidget\"><h2 style=\"text-align: center;\">IMPRESSZUM<\/h2>\n<\/div><\/div><\/div><\/div><\/div><div id=\"pg-712-1\"  class=\"panel-grid panel-has-style\" ><div class=\"panel-row-style panel-row-style-for-712-1\" ><div id=\"pgc-712-1-0\"  class=\"panel-grid-cell\" ><div id=\"panel-712-1-0-0\" class=\"so-panel widget widget_black-studio-tinymce widget_black_studio_tinymce panel-first-child panel-last-child\" data-index=\"1\" ><div class=\"panel-widget-style panel-widget-style-for-712-1-0-0\" ><div class=\"textwidget\"><h3>AZ OLDAL \u00dcZEMELTET\u0150JE:<\/h3>\n<p>C\u00e9gn\u00e9v: G\u00f6tz Bt.<\/p>\n<p>Ad\u00f3sz\u00e1m: 20943523-2-05<\/p>\n<p>Sz\u00e9khely \u00e9s levelez\u00e9si c\u00edm: 3958 Hercegk\u00fat, Pet\u0151fi S. u. 193.<\/p>\n<p>Tel.: +36 47 346 247<\/p>\n<p>Email: gotzbirtok@gmail.com, info@gotzpinceszet.hu<\/p>\n<\/div><\/div><\/div><\/div><div id=\"pgc-712-1-1\"  class=\"panel-grid-cell\" ><div id=\"panel-712-1-1-0\" class=\"so-panel widget widget_black-studio-tinymce widget_black_studio_tinymce panel-first-child panel-last-child\" data-index=\"2\" ><div class=\"panel-widget-style panel-widget-style-for-712-1-1-0\" ><div class=\"textwidget\"><h3>T\u00c1RHELYSZOLG\u00c1LTAT\u00d3:<\/h3>\n<p>C\u00e9gn\u00e9v: T\u00e1rhely.Eu Szolg\u00e1ltat\u00f3 Kft.<\/p>\n<p>Ad\u00f3sz\u00e1m: 14571332-2-42<\/p>\n<p>Sz\u00e9khely \u00e9s levelez\u00e9si c\u00edm: 1097 Budapest, K\u00f6nyves K\u00e1lm\u00e1n k\u00f6r\u00fat 12-14.<\/p>\n<p>Honlap: https:\/\/tarhely.eu\/<\/p>\n<p>Tel: +36 1 789-2-789<\/p>\n<p>Email: support@tarhely.eu<\/p>\n<\/div><\/div><\/div><\/div><\/div><\/div><div id=\"pg-712-2\"  class=\"panel-grid panel-has-style\" ><div class=\"panel-row-style panel-row-style-for-712-2\" ><div id=\"pgc-712-2-0\"  class=\"panel-grid-cell\" ><div id=\"panel-712-2-0-0\" class=\"so-panel widget widget_black-studio-tinymce widget_black_studio_tinymce panel-first-child panel-last-child\" data-index=\"3\" ><div class=\"textwidget\"><h2 style=\"text-align: center;\">SZERZ\u0150I JOGOK<\/h2>\n<\/div><\/div><\/div><\/div><\/div><div id=\"pg-712-3\"  class=\"panel-grid panel-has-style\" ><div class=\"panel-row-style panel-row-style-for-712-3\" ><div id=\"pgc-712-3-0\"  class=\"panel-grid-cell\" ><div id=\"panel-712-3-0-0\" class=\"so-panel widget widget_black-studio-tinymce widget_black_studio_tinymce panel-first-child panel-last-child\" data-index=\"4\" ><div class=\"panel-widget-style panel-widget-style-for-712-3-0-0\" ><div class=\"textwidget\"><p>Miut\u00e1n a <em><strong>gotzpinceszet.hu<\/strong><\/em>, mint weboldal szerz\u0151i jogi m\u0171nek min\u0151s\u00fcl, tilos a <em><strong>gotzpinceszet.hu<\/strong><\/em> weboldalon megjelen\u0151 tartalmak vagy azok b\u00e1rmely r\u00e9szlet\u00e9nek let\u00f6lt\u00e9se (t\u00f6bbsz\u00f6r\u00f6z\u00e9se), \u00fajra nyilv\u00e1noss\u00e1ghoz t\u00f6rt\u00e9n\u0151 k\u00f6zvet\u00edt\u00e9se, m\u00e1s m\u00f3don val\u00f3 felhaszn\u00e1l\u00e1sa, elektronikus t\u00e1rol\u00e1sa, feldolgoz\u00e1sa \u00e9s \u00e9rt\u00e9kes\u00edt\u00e9se a Szolg\u00e1ltat\u00f3 \u00edr\u00e1sos hozz\u00e1j\u00e1rul\u00e1sa n\u00e9lk\u00fcl.<\/p>\n<p>A <em><strong>gotzpinceszet.hu<\/strong><\/em> weboldalr\u00f3l \u00e9s annak adatb\u00e1zis\u00e1b\u00f3l b\u00e1rmilyen anyagot \u00e1tvenni \u00edr\u00e1sos hozz\u00e1j\u00e1rul\u00e1s eset\u00e9n is csak az adott weboldalra val\u00f3 hivatkoz\u00e1ssal lehet.<\/p>\n<p>A Szolg\u00e1ltat\u00f3 fenntartja minden jog\u00e1t szolg\u00e1ltat\u00e1s\u00e1nak valamennyi elem\u00e9re, a domain-neveire, az azokkal k\u00e9pzett m\u00e1sodlagos domain nevekre valamint az internetes rekl\u00e1mfel\u00fcleteire.<\/p>\n<p>Tilos a <em><strong>gotzpinceszet.hu<\/strong><\/em> weboldal tartalm\u00e1nak, illetve egyes r\u00e9szeinek adapt\u00e1ci\u00f3ja vagy visszafejt\u00e9se; a felhaszn\u00e1l\u00f3i azonos\u00edt\u00f3k \u00e9s jelszavak tisztess\u00e9gtelen m\u00f3don t\u00f6rt\u00e9n\u0151 l\u00e9tes\u00edt\u00e9se; b\u00e1rmely olyan alkalmaz\u00e1s haszn\u00e1lata, amellyel a <em><strong>gotzpinceszet.hu<\/strong><\/em> weboldalon vagy azok b\u00e1rmely r\u00e9sze m\u00f3dos\u00edthat\u00f3 vagy indexelhet\u0151.<\/p>\n<p>A <em><strong>gotzpinceszet.hu<\/strong><\/em> n\u00e9v szerz\u0151i jogi v\u00e9delmet \u00e9lvez, felhaszn\u00e1l\u00e1sa a hivatkoz\u00e1s kiv\u00e9tel\u00e9vel kiz\u00e1r\u00f3lag a Szolg\u00e1ltat\u00f3 \u00edr\u00e1sos hozz\u00e1j\u00e1rul\u00e1s\u00e1val lehets\u00e9ges.<\/p>\n<p>Felhaszn\u00e1l\u00f3 tudom\u00e1sul veszi, hogy a felhaszn\u00e1l\u00e1si enged\u00e9ly n\u00e9lk\u00fcli felhaszn\u00e1l\u00e1s eset\u00e9n Szolg\u00e1ltat\u00f3t k\u00f6tb\u00e9r illeti meg. A k\u00f6tb\u00e9r \u00f6sszege k\u00e9penk\u00e9nt brutt\u00f3 50.000 Ft, illetve szavank\u00e9nt brutt\u00f3 20.000 Ft. Felhaszn\u00e1l\u00f3 tudom\u00e1sul veszi, hogy ezen k\u00f6tb\u00e9rkik\u00f6t\u00e9s nem t\u00falz\u00f3, \u00e9s ennek tudat\u00e1ban b\u00f6ng\u00e9szi az oldalt. A szerz\u0151i jogi jogs\u00e9rt\u00e9s eset\u00e9n Szolg\u00e1ltat\u00f3 k\u00f6zjegyz\u0151i t\u00e9nytan\u00fas\u00edt\u00e1st alkalmaz, melynek \u00f6sszeg\u00e9t szint\u00e9n a jogs\u00e9rt\u0151 felhaszn\u00e1l\u00f3ra h\u00e1r\u00edtja.<\/p>\n<\/div><\/div><\/div><\/div><\/div><\/div><\/div>","protected":false},"excerpt":{"rendered":"<p>IMPRESSZUM AZ OLDAL \u00dcZEMELTET\u0150JE: C\u00e9gn\u00e9v: G\u00f6tz Bt. Ad\u00f3sz\u00e1m: 20943523-2-05 Sz\u00e9khely \u00e9s levelez\u00e9si c\u00edm: 3958 Hercegk\u00fat, Pet\u0151fi S. u. 193. Tel.: +36 47 346 247 Email: gotzbirtok@gmail.com, info@gotzpinceszet.hu T\u00c1RHELYSZOLG\u00c1LTAT\u00d3: C\u00e9gn\u00e9v: T\u00e1rhely.Eu Szolg\u00e1ltat\u00f3 Kft. Ad\u00f3sz\u00e1m: 14571332-2-42 Sz\u00e9khely \u00e9s levelez\u00e9si c\u00edm: 1097 Budapest, &hellip; <a class=\"kt-excerpt-readmore more-link\" href=\"https:\/\/gotzpinceszet.hu\/en\/impresszum\/\" aria-label=\"Imprint\">More<\/a><\/p>","protected":false},"author":1,"featured_media":0,"parent":0,"menu_order":0,"comment_status":"closed","ping_status":"closed","template":"","meta":{"footnotes":""},"class_list":["post-712","page","type-page","status-publish","hentry"],"yoast_head":"<!-- This site is optimized with the Yoast SEO plugin v27.4 - https:\/\/yoast.com\/product\/yoast-seo-wordpress\/ -->\n<title>Impresszum \u00e9s Szerz\u0151i jogok - G\u00f6tz Pinc\u00e9szet Hercegk\u00fat<\/title>\n<meta name=\"description\" content=\"Impresszum \u00e9s Szerz\u0151i jogok - G\u00f6tz Pinc\u00e9szet Hercegk\u00fat\" \/>\n<meta name=\"robots\" content=\"index, follow, max-snippet:-1, max-image-preview:large, max-video-preview:-1\" \/>\n<link rel=\"canonical\" href=\"https:\/\/gotzpinceszet.hu\/en\/impresszum\/\" \/>\n<meta property=\"og:locale\" content=\"en_GB\" \/>\n<meta property=\"og:type\" content=\"article\" \/>\n<meta property=\"og:title\" content=\"Impresszum \u00e9s Szerz\u0151i jogok - G\u00f6tz Pinc\u00e9szet Hercegk\u00fat\" \/>\n<meta property=\"og:description\" content=\"Impresszum \u00e9s Szerz\u0151i jogok - G\u00f6tz Pinc\u00e9szet Hercegk\u00fat\" \/>\n<meta property=\"og:url\" content=\"https:\/\/gotzpinceszet.hu\/en\/impresszum\/\" \/>\n<meta property=\"og:site_name\" content=\"G\u00f6tz Pinc\u00e9szet Hercegk\u00fat\" \/>\n<meta property=\"article:publisher\" content=\"https:\/\/www.facebook.com\/gotzpinceszet\" \/>\n<meta property=\"article:modified_time\" content=\"2025-07-14T17:57:17+00:00\" \/>\n<meta property=\"og:image\" content=\"https:\/\/gotzpinceszet.hu\/wp-content\/uploads\/2025\/06\/gotz-pinceszet-44.jpg\" \/>\n\t<meta property=\"og:image:width\" content=\"711\" \/>\n\t<meta property=\"og:image:height\" content=\"533\" \/>\n\t<meta property=\"og:image:type\" content=\"image\/jpeg\" \/>\n<meta name=\"twitter:card\" content=\"summary_large_image\" \/>\n<meta name=\"twitter:label1\" content=\"Estimated reading time\" \/>\n\t<meta name=\"twitter:data1\" content=\"2 minutes\" \/>\n<script type=\"application\/ld+json\" class=\"yoast-schema-graph\">{\"@context\":\"https:\\\/\\\/schema.org\",\"@graph\":[{\"@type\":\"WebPage\",\"@id\":\"https:\\\/\\\/gotzpinceszet.hu\\\/impresszum\\\/\",\"url\":\"https:\\\/\\\/gotzpinceszet.hu\\\/impresszum\\\/\",\"name\":\"Impresszum \u00e9s Szerz\u0151i jogok - G\u00f6tz Pinc\u00e9szet Hercegk\u00fat\",\"isPartOf\":{\"@id\":\"https:\\\/\\\/gotzpinceszet.hu\\\/#website\"},\"datePublished\":\"2025-06-06T16:11:33+00:00\",\"dateModified\":\"2025-07-14T17:57:17+00:00\",\"description\":\"Impresszum \u00e9s Szerz\u0151i jogok - G\u00f6tz Pinc\u00e9szet Hercegk\u00fat\",\"breadcrumb\":{\"@id\":\"https:\\\/\\\/gotzpinceszet.hu\\\/impresszum\\\/#breadcrumb\"},\"inLanguage\":\"en-GB\",\"potentialAction\":[{\"@type\":\"ReadAction\",\"target\":[\"https:\\\/\\\/gotzpinceszet.hu\\\/impresszum\\\/\"]}]},{\"@type\":\"BreadcrumbList\",\"@id\":\"https:\\\/\\\/gotzpinceszet.hu\\\/impresszum\\\/#breadcrumb\",\"itemListElement\":[{\"@type\":\"ListItem\",\"position\":1,\"name\":\"Kezd\u0151lap\",\"item\":\"https:\\\/\\\/gotzpinceszet.hu\\\/\"},{\"@type\":\"ListItem\",\"position\":2,\"name\":\"Impresszum \u00e9s Szerz\u0151i jogok\"}]},{\"@type\":\"WebSite\",\"@id\":\"https:\\\/\\\/gotzpinceszet.hu\\\/#website\",\"url\":\"https:\\\/\\\/gotzpinceszet.hu\\\/\",\"name\":\"G\u00f6tz Pinc\u00e9szet\",\"description\":\"Bork\u00f3stol\u00e1s - Hercegk\u00fat\",\"publisher\":{\"@id\":\"https:\\\/\\\/gotzpinceszet.hu\\\/#organization\"},\"potentialAction\":[{\"@type\":\"SearchAction\",\"target\":{\"@type\":\"EntryPoint\",\"urlTemplate\":\"https:\\\/\\\/gotzpinceszet.hu\\\/?s={search_term_string}\"},\"query-input\":{\"@type\":\"PropertyValueSpecification\",\"valueRequired\":true,\"valueName\":\"search_term_string\"}}],\"inLanguage\":\"en-GB\"},{\"@type\":\"Organization\",\"@id\":\"https:\\\/\\\/gotzpinceszet.hu\\\/#organization\",\"name\":\"G\u00f6tz Pinc\u00e9szet\",\"url\":\"https:\\\/\\\/gotzpinceszet.hu\\\/\",\"logo\":{\"@type\":\"ImageObject\",\"inLanguage\":\"en-GB\",\"@id\":\"https:\\\/\\\/gotzpinceszet.hu\\\/#\\\/schema\\\/logo\\\/image\\\/\",\"url\":\"https:\\\/\\\/gotzpinceszet.hu\\\/wp-content\\\/uploads\\\/2025\\\/06\\\/gotz-pinceszet-logo.png\",\"contentUrl\":\"https:\\\/\\\/gotzpinceszet.hu\\\/wp-content\\\/uploads\\\/2025\\\/06\\\/gotz-pinceszet-logo.png\",\"width\":500,\"height\":400,\"caption\":\"G\u00f6tz Pinc\u00e9szet\"},\"image\":{\"@id\":\"https:\\\/\\\/gotzpinceszet.hu\\\/#\\\/schema\\\/logo\\\/image\\\/\"},\"sameAs\":[\"https:\\\/\\\/www.facebook.com\\\/gotzpinceszet\",\"https:\\\/\\\/www.instagram.com\\\/gotzpinceszet\\\/\"]}]}<\/script>\n<!-- \/ Yoast SEO plugin. -->","yoast_head_json":{"title":"Impresszum \u00e9s Szerz\u0151i jogok - G\u00f6tz Pinc\u00e9szet Hercegk\u00fat","description":"Impresszum \u00e9s Szerz\u0151i jogok - G\u00f6tz Pinc\u00e9szet Hercegk\u00fat","robots":{"index":"index","follow":"follow","max-snippet":"max-snippet:-1","max-image-preview":"max-image-preview:large","max-video-preview":"max-video-preview:-1"},"canonical":"https:\/\/gotzpinceszet.hu\/en\/impresszum\/","og_locale":"en_GB","og_type":"article","og_title":"Impresszum \u00e9s Szerz\u0151i jogok - G\u00f6tz Pinc\u00e9szet Hercegk\u00fat","og_description":"Impresszum \u00e9s Szerz\u0151i jogok - G\u00f6tz Pinc\u00e9szet Hercegk\u00fat","og_url":"https:\/\/gotzpinceszet.hu\/en\/impresszum\/","og_site_name":"G\u00f6tz Pinc\u00e9szet Hercegk\u00fat","article_publisher":"https:\/\/www.facebook.com\/gotzpinceszet","article_modified_time":"2025-07-14T17:57:17+00:00","og_image":[{"width":711,"height":533,"url":"https:\/\/gotzpinceszet.hu\/wp-content\/uploads\/2025\/06\/gotz-pinceszet-44.jpg","type":"image\/jpeg"}],"twitter_card":"summary_large_image","twitter_misc":{"Estimated reading time":"2 minutes"},"schema":{"@context":"https:\/\/schema.org","@graph":[{"@type":"WebPage","@id":"https:\/\/gotzpinceszet.hu\/impresszum\/","url":"https:\/\/gotzpinceszet.hu\/impresszum\/","name":"Impresszum \u00e9s Szerz\u0151i jogok - G\u00f6tz Pinc\u00e9szet Hercegk\u00fat","isPartOf":{"@id":"https:\/\/gotzpinceszet.hu\/#website"},"datePublished":"2025-06-06T16:11:33+00:00","dateModified":"2025-07-14T17:57:17+00:00","description":"Impresszum \u00e9s Szerz\u0151i jogok - G\u00f6tz Pinc\u00e9szet Hercegk\u00fat","breadcrumb":{"@id":"https:\/\/gotzpinceszet.hu\/impresszum\/#breadcrumb"},"inLanguage":"en-GB","potentialAction":[{"@type":"ReadAction","target":["https:\/\/gotzpinceszet.hu\/impresszum\/"]}]},{"@type":"BreadcrumbList","@id":"https:\/\/gotzpinceszet.hu\/impresszum\/#breadcrumb","itemListElement":[{"@type":"ListItem","position":1,"name":"Kezd\u0151lap","item":"https:\/\/gotzpinceszet.hu\/"},{"@type":"ListItem","position":2,"name":"Impresszum \u00e9s Szerz\u0151i jogok"}]},{"@type":"WebSite","@id":"https:\/\/gotzpinceszet.hu\/#website","url":"https:\/\/gotzpinceszet.hu\/","name":"G\u00f6tz Winery","description":"Bork\u00f3stol\u00e1s - Hercegk\u00fat","publisher":{"@id":"https:\/\/gotzpinceszet.hu\/#organization"},"potentialAction":[{"@type":"SearchAction","target":{"@type":"EntryPoint","urlTemplate":"https:\/\/gotzpinceszet.hu\/?s={search_term_string}"},"query-input":{"@type":"PropertyValueSpecification","valueRequired":true,"valueName":"search_term_string"}}],"inLanguage":"en-GB"},{"@type":"Organization","@id":"https:\/\/gotzpinceszet.hu\/#organization","name":"G\u00f6tz Winery","url":"https:\/\/gotzpinceszet.hu\/","logo":{"@type":"ImageObject","inLanguage":"en-GB","@id":"https:\/\/gotzpinceszet.hu\/#\/schema\/logo\/image\/","url":"https:\/\/gotzpinceszet.hu\/wp-content\/uploads\/2025\/06\/gotz-pinceszet-logo.png","contentUrl":"https:\/\/gotzpinceszet.hu\/wp-content\/uploads\/2025\/06\/gotz-pinceszet-logo.png","width":500,"height":400,"caption":"G\u00f6tz Pinc\u00e9szet"},"image":{"@id":"https:\/\/gotzpinceszet.hu\/#\/schema\/logo\/image\/"},"sameAs":["https:\/\/www.facebook.com\/gotzpinceszet","https:\/\/www.instagram.com\/gotzpinceszet\/"]}]}},"_links":{"self":[{"href":"https:\/\/gotzpinceszet.hu\/en\/wp-json\/wp\/v2\/pages\/712","targetHints":{"allow":["GET"]}}],"collection":[{"href":"https:\/\/gotzpinceszet.hu\/en\/wp-json\/wp\/v2\/pages"}],"about":[{"href":"https:\/\/gotzpinceszet.hu\/en\/wp-json\/wp\/v2\/types\/page"}],"author":[{"embeddable":true,"href":"https:\/\/gotzpinceszet.hu\/en\/wp-json\/wp\/v2\/users\/1"}],"replies":[{"embeddable":true,"href":"https:\/\/gotzpinceszet.hu\/en\/wp-json\/wp\/v2\/comments?post=712"}],"version-history":[{"count":6,"href":"https:\/\/gotzpinceszet.hu\/en\/wp-json\/wp\/v2\/pages\/712\/revisions"}],"predecessor-version":[{"id":954,"href":"https:\/\/gotzpinceszet.hu\/en\/wp-json\/wp\/v2\/pages\/712\/revisions\/954"}],"wp:attachment":[{"href":"https:\/\/gotzpinceszet.hu\/en\/wp-json\/wp\/v2\/media?parent=712"}],"curies":[{"name":"wp","href":"https:\/\/api.w.org\/{rel}","templated":true}]}}