{"id":721,"date":"2025-06-06T18:22:23","date_gmt":"2025-06-06T16:22:23","guid":{"rendered":"http:\/\/dev.gotzpinceszet.hu\/?page_id=721"},"modified":"2025-07-16T17:25:54","modified_gmt":"2025-07-16T15:25:54","slug":"altalanos-szerzodesi-feltetelek","status":"publish","type":"page","link":"https:\/\/gotzpinceszet.hu\/en\/altalanos-szerzodesi-feltetelek\/","title":{"rendered":"General Terms and Conditions"},"content":{"rendered":"<div id=\"pl-721\"  class=\"panel-layout\" ><div id=\"pg-721-0\"  class=\"panel-grid panel-has-style\" ><div class=\"panel-row-style panel-row-style-for-721-0\" ><div id=\"pgc-721-0-0\"  class=\"panel-grid-cell\" ><div id=\"panel-721-0-0-0\" class=\"so-panel widget widget_black-studio-tinymce widget_black_studio_tinymce panel-first-child panel-last-child\" data-index=\"0\" ><div class=\"textwidget\"><h2 style=\"text-align: center;\">ASZF<\/h2>\n<\/div><\/div><\/div><\/div><\/div><div id=\"pg-721-1\"  class=\"panel-grid panel-has-style\" ><div class=\"panel-row-style panel-row-style-for-721-1\" ><div id=\"pgc-721-1-0\"  class=\"panel-grid-cell\" ><div id=\"panel-721-1-0-0\" class=\"so-panel widget widget_black-studio-tinymce widget_black_studio_tinymce panel-first-child panel-last-child\" data-index=\"1\" ><div class=\"panel-widget-style panel-widget-style-for-721-1-0-0\" ><div class=\"textwidget\"><p><iframe width='100%' height='1000' src='https:\/\/api.virtualjog.hu\/api\/v1\/document\/9378?access-token=766ee7b8df028d046eb5bd08490ec0c3' frameborder='0'><\/iframe><\/p>\n<\/div><\/div><\/div><\/div><\/div><\/div><\/div>","protected":false},"excerpt":{"rendered":"<p>ASZF<\/p>","protected":false},"author":1,"featured_media":0,"parent":0,"menu_order":0,"comment_status":"closed","ping_status":"closed","template":"","meta":{"footnotes":""},"class_list":["post-721","page","type-page","status-publish","hentry"],"yoast_head":"<!-- This site is optimized with the Yoast SEO plugin v27.4 - https:\/\/yoast.com\/product\/yoast-seo-wordpress\/ -->\n<title>\u00c1ltal\u00e1nos Szerz\u0151d\u00e9si Felt\u00e9telek - G\u00f6tz Pinc\u00e9szet Hercegk\u00fat<\/title>\n<meta name=\"description\" content=\"\u00c1ltal\u00e1nos Szerz\u0151d\u00e9si Felt\u00e9telek - G\u00f6tz Pinc\u00e9szet Hercegk\u00fat\" \/>\n<meta name=\"robots\" content=\"index, follow, max-snippet:-1, max-image-preview:large, max-video-preview:-1\" \/>\n<link rel=\"canonical\" href=\"https:\/\/gotzpinceszet.hu\/en\/altalanos-szerzodesi-feltetelek\/\" \/>\n<meta property=\"og:locale\" content=\"en_GB\" \/>\n<meta property=\"og:type\" content=\"article\" \/>\n<meta property=\"og:title\" content=\"\u00c1ltal\u00e1nos Szerz\u0151d\u00e9si Felt\u00e9telek - G\u00f6tz Pinc\u00e9szet Hercegk\u00fat\" \/>\n<meta property=\"og:description\" content=\"\u00c1ltal\u00e1nos Szerz\u0151d\u00e9si Felt\u00e9telek - G\u00f6tz Pinc\u00e9szet Hercegk\u00fat\" \/>\n<meta property=\"og:url\" content=\"https:\/\/gotzpinceszet.hu\/en\/altalanos-szerzodesi-feltetelek\/\" \/>\n<meta property=\"og:site_name\" content=\"G\u00f6tz Pinc\u00e9szet Hercegk\u00fat\" \/>\n<meta property=\"article:publisher\" content=\"https:\/\/www.facebook.com\/gotzpinceszet\" \/>\n<meta property=\"article:modified_time\" content=\"2025-07-16T15:25:54+00:00\" \/>\n<meta property=\"og:image\" content=\"https:\/\/gotzpinceszet.hu\/wp-content\/uploads\/2025\/06\/gotz-pinceszet-44.jpg\" \/>\n\t<meta property=\"og:image:width\" content=\"711\" \/>\n\t<meta property=\"og:image:height\" content=\"533\" \/>\n\t<meta property=\"og:image:type\" content=\"image\/jpeg\" \/>\n<meta name=\"twitter:card\" content=\"summary_large_image\" \/>\n<script type=\"application\/ld+json\" class=\"yoast-schema-graph\">{\"@context\":\"https:\\\/\\\/schema.org\",\"@graph\":[{\"@type\":\"WebPage\",\"@id\":\"https:\\\/\\\/gotzpinceszet.hu\\\/altalanos-szerzodesi-feltetelek\\\/\",\"url\":\"https:\\\/\\\/gotzpinceszet.hu\\\/altalanos-szerzodesi-feltetelek\\\/\",\"name\":\"\u00c1ltal\u00e1nos Szerz\u0151d\u00e9si Felt\u00e9telek - G\u00f6tz Pinc\u00e9szet Hercegk\u00fat\",\"isPartOf\":{\"@id\":\"https:\\\/\\\/gotzpinceszet.hu\\\/#website\"},\"datePublished\":\"2025-06-06T16:22:23+00:00\",\"dateModified\":\"2025-07-16T15:25:54+00:00\",\"description\":\"\u00c1ltal\u00e1nos Szerz\u0151d\u00e9si Felt\u00e9telek - G\u00f6tz Pinc\u00e9szet Hercegk\u00fat\",\"breadcrumb\":{\"@id\":\"https:\\\/\\\/gotzpinceszet.hu\\\/altalanos-szerzodesi-feltetelek\\\/#breadcrumb\"},\"inLanguage\":\"en-GB\",\"potentialAction\":[{\"@type\":\"ReadAction\",\"target\":[\"https:\\\/\\\/gotzpinceszet.hu\\\/altalanos-szerzodesi-feltetelek\\\/\"]}]},{\"@type\":\"BreadcrumbList\",\"@id\":\"https:\\\/\\\/gotzpinceszet.hu\\\/altalanos-szerzodesi-feltetelek\\\/#breadcrumb\",\"itemListElement\":[{\"@type\":\"ListItem\",\"position\":1,\"name\":\"Kezd\u0151lap\",\"item\":\"https:\\\/\\\/gotzpinceszet.hu\\\/\"},{\"@type\":\"ListItem\",\"position\":2,\"name\":\"\u00c1ltal\u00e1nos Szerz\u0151d\u00e9si Felt\u00e9telek\"}]},{\"@type\":\"WebSite\",\"@id\":\"https:\\\/\\\/gotzpinceszet.hu\\\/#website\",\"url\":\"https:\\\/\\\/gotzpinceszet.hu\\\/\",\"name\":\"G\u00f6tz Pinc\u00e9szet\",\"description\":\"Bork\u00f3stol\u00e1s - Hercegk\u00fat\",\"publisher\":{\"@id\":\"https:\\\/\\\/gotzpinceszet.hu\\\/#organization\"},\"potentialAction\":[{\"@type\":\"SearchAction\",\"target\":{\"@type\":\"EntryPoint\",\"urlTemplate\":\"https:\\\/\\\/gotzpinceszet.hu\\\/?s={search_term_string}\"},\"query-input\":{\"@type\":\"PropertyValueSpecification\",\"valueRequired\":true,\"valueName\":\"search_term_string\"}}],\"inLanguage\":\"en-GB\"},{\"@type\":\"Organization\",\"@id\":\"https:\\\/\\\/gotzpinceszet.hu\\\/#organization\",\"name\":\"G\u00f6tz Pinc\u00e9szet\",\"url\":\"https:\\\/\\\/gotzpinceszet.hu\\\/\",\"logo\":{\"@type\":\"ImageObject\",\"inLanguage\":\"en-GB\",\"@id\":\"https:\\\/\\\/gotzpinceszet.hu\\\/#\\\/schema\\\/logo\\\/image\\\/\",\"url\":\"https:\\\/\\\/gotzpinceszet.hu\\\/wp-content\\\/uploads\\\/2025\\\/06\\\/gotz-pinceszet-logo.png\",\"contentUrl\":\"https:\\\/\\\/gotzpinceszet.hu\\\/wp-content\\\/uploads\\\/2025\\\/06\\\/gotz-pinceszet-logo.png\",\"width\":500,\"height\":400,\"caption\":\"G\u00f6tz Pinc\u00e9szet\"},\"image\":{\"@id\":\"https:\\\/\\\/gotzpinceszet.hu\\\/#\\\/schema\\\/logo\\\/image\\\/\"},\"sameAs\":[\"https:\\\/\\\/www.facebook.com\\\/gotzpinceszet\",\"https:\\\/\\\/www.instagram.com\\\/gotzpinceszet\\\/\"]}]}<\/script>\n<!-- \/ Yoast SEO plugin. -->","yoast_head_json":{"title":"\u00c1ltal\u00e1nos Szerz\u0151d\u00e9si Felt\u00e9telek - G\u00f6tz Pinc\u00e9szet Hercegk\u00fat","description":"\u00c1ltal\u00e1nos Szerz\u0151d\u00e9si Felt\u00e9telek - G\u00f6tz Pinc\u00e9szet Hercegk\u00fat","robots":{"index":"index","follow":"follow","max-snippet":"max-snippet:-1","max-image-preview":"max-image-preview:large","max-video-preview":"max-video-preview:-1"},"canonical":"https:\/\/gotzpinceszet.hu\/en\/altalanos-szerzodesi-feltetelek\/","og_locale":"en_GB","og_type":"article","og_title":"\u00c1ltal\u00e1nos Szerz\u0151d\u00e9si Felt\u00e9telek - G\u00f6tz Pinc\u00e9szet Hercegk\u00fat","og_description":"\u00c1ltal\u00e1nos Szerz\u0151d\u00e9si Felt\u00e9telek - G\u00f6tz Pinc\u00e9szet Hercegk\u00fat","og_url":"https:\/\/gotzpinceszet.hu\/en\/altalanos-szerzodesi-feltetelek\/","og_site_name":"G\u00f6tz Pinc\u00e9szet Hercegk\u00fat","article_publisher":"https:\/\/www.facebook.com\/gotzpinceszet","article_modified_time":"2025-07-16T15:25:54+00:00","og_image":[{"width":711,"height":533,"url":"https:\/\/gotzpinceszet.hu\/wp-content\/uploads\/2025\/06\/gotz-pinceszet-44.jpg","type":"image\/jpeg"}],"twitter_card":"summary_large_image","schema":{"@context":"https:\/\/schema.org","@graph":[{"@type":"WebPage","@id":"https:\/\/gotzpinceszet.hu\/altalanos-szerzodesi-feltetelek\/","url":"https:\/\/gotzpinceszet.hu\/altalanos-szerzodesi-feltetelek\/","name":"\u00c1ltal\u00e1nos Szerz\u0151d\u00e9si Felt\u00e9telek - G\u00f6tz Pinc\u00e9szet Hercegk\u00fat","isPartOf":{"@id":"https:\/\/gotzpinceszet.hu\/#website"},"datePublished":"2025-06-06T16:22:23+00:00","dateModified":"2025-07-16T15:25:54+00:00","description":"\u00c1ltal\u00e1nos Szerz\u0151d\u00e9si Felt\u00e9telek - G\u00f6tz Pinc\u00e9szet Hercegk\u00fat","breadcrumb":{"@id":"https:\/\/gotzpinceszet.hu\/altalanos-szerzodesi-feltetelek\/#breadcrumb"},"inLanguage":"en-GB","potentialAction":[{"@type":"ReadAction","target":["https:\/\/gotzpinceszet.hu\/altalanos-szerzodesi-feltetelek\/"]}]},{"@type":"BreadcrumbList","@id":"https:\/\/gotzpinceszet.hu\/altalanos-szerzodesi-feltetelek\/#breadcrumb","itemListElement":[{"@type":"ListItem","position":1,"name":"Kezd\u0151lap","item":"https:\/\/gotzpinceszet.hu\/"},{"@type":"ListItem","position":2,"name":"\u00c1ltal\u00e1nos Szerz\u0151d\u00e9si Felt\u00e9telek"}]},{"@type":"WebSite","@id":"https:\/\/gotzpinceszet.hu\/#website","url":"https:\/\/gotzpinceszet.hu\/","name":"G\u00f6tz Winery","description":"Bork\u00f3stol\u00e1s - Hercegk\u00fat","publisher":{"@id":"https:\/\/gotzpinceszet.hu\/#organization"},"potentialAction":[{"@type":"SearchAction","target":{"@type":"EntryPoint","urlTemplate":"https:\/\/gotzpinceszet.hu\/?s={search_term_string}"},"query-input":{"@type":"PropertyValueSpecification","valueRequired":true,"valueName":"search_term_string"}}],"inLanguage":"en-GB"},{"@type":"Organization","@id":"https:\/\/gotzpinceszet.hu\/#organization","name":"G\u00f6tz Winery","url":"https:\/\/gotzpinceszet.hu\/","logo":{"@type":"ImageObject","inLanguage":"en-GB","@id":"https:\/\/gotzpinceszet.hu\/#\/schema\/logo\/image\/","url":"https:\/\/gotzpinceszet.hu\/wp-content\/uploads\/2025\/06\/gotz-pinceszet-logo.png","contentUrl":"https:\/\/gotzpinceszet.hu\/wp-content\/uploads\/2025\/06\/gotz-pinceszet-logo.png","width":500,"height":400,"caption":"G\u00f6tz Pinc\u00e9szet"},"image":{"@id":"https:\/\/gotzpinceszet.hu\/#\/schema\/logo\/image\/"},"sameAs":["https:\/\/www.facebook.com\/gotzpinceszet","https:\/\/www.instagram.com\/gotzpinceszet\/"]}]}},"_links":{"self":[{"href":"https:\/\/gotzpinceszet.hu\/en\/wp-json\/wp\/v2\/pages\/721","targetHints":{"allow":["GET"]}}],"collection":[{"href":"https:\/\/gotzpinceszet.hu\/en\/wp-json\/wp\/v2\/pages"}],"about":[{"href":"https:\/\/gotzpinceszet.hu\/en\/wp-json\/wp\/v2\/types\/page"}],"author":[{"embeddable":true,"href":"https:\/\/gotzpinceszet.hu\/en\/wp-json\/wp\/v2\/users\/1"}],"replies":[{"embeddable":true,"href":"https:\/\/gotzpinceszet.hu\/en\/wp-json\/wp\/v2\/comments?post=721"}],"version-history":[{"count":3,"href":"https:\/\/gotzpinceszet.hu\/en\/wp-json\/wp\/v2\/pages\/721\/revisions"}],"predecessor-version":[{"id":971,"href":"https:\/\/gotzpinceszet.hu\/en\/wp-json\/wp\/v2\/pages\/721\/revisions\/971"}],"wp:attachment":[{"href":"https:\/\/gotzpinceszet.hu\/en\/wp-json\/wp\/v2\/media?parent=721"}],"curies":[{"name":"wp","href":"https:\/\/api.w.org\/{rel}","templated":true}]}}