{"id":989,"date":"2025-07-28T20:15:00","date_gmt":"2025-07-28T18:15:00","guid":{"rendered":"https:\/\/gotzpinceszet.hu\/?page_id=989"},"modified":"2025-08-15T13:04:09","modified_gmt":"2025-08-15T11:04:09","slug":"szallitas-es-fizetes","status":"publish","type":"page","link":"https:\/\/gotzpinceszet.hu\/en\/szallitas-es-fizetes\/","title":{"rendered":"Sz\u00e1ll\u00edt\u00e1s \u00e9s Fizet\u00e9s"},"content":{"rendered":"<div id=\"pl-989\"  class=\"panel-layout\" ><div id=\"pg-989-0\"  class=\"panel-grid panel-has-style\" ><div class=\"panel-row-style panel-row-style-for-989-0\" ><div id=\"pgc-989-0-0\"  class=\"panel-grid-cell\" ><div id=\"panel-989-0-0-0\" class=\"so-panel widget widget_black-studio-tinymce widget_black_studio_tinymce panel-first-child panel-last-child\" data-index=\"0\" ><div class=\"panel-widget-style panel-widget-style-for-989-0-0-0\" ><div class=\"textwidget\"><h3>SZ\u00c1LL\u00cdT\u00c1SI M\u00d3DOK, SZ\u00c1LL\u00cdT\u00c1SI D\u00cdJAK:<\/h3>\n<h4>Az al\u00e1bbi sz\u00e1ll\u00edt\u00e1si m\u00f3dok k\u00f6z\u00fcl v\u00e1laszthat:<\/h4>\n<p><strong>1. Szem\u00e9lyes \u00e1tv\u00e9tel a G\u00f6tz Pinc\u00e9szetben.<\/strong><\/p>\n<p><strong>2. H\u00e1zhozsz\u00e1ll\u00edt\u00e1s fut\u00e1rral:<\/strong> A k\u00fcldem\u00e9nyt a legalkalmasabb fuvaroz\u00f3val sz\u00e1ll\u00edtjuk otthon\u00e1ba. A k\u00f6vetkez\u0151 fuvaroz\u00f3k \u00e1llnak rendelkez\u00e9s\u00fcnkre: GLS, MPL.<\/p>\n<p><strong>GLS General Logistics Systems Hungary Csomag-Logisztikai Kft.<\/strong><br \/>\n2351 Als\u00f3n\u00e9medi, Eur\u00f3pa u. 2.<br \/>\ninfo@gls-hungary.com<br \/>\nTelefonsz\u00e1m: 06-29-88-66-94<\/p>\n<p><strong>MPL Magyar Posta Logisztika Kft.<\/strong><br \/>\n1138 Budapest, Dunavir\u00e1g utca 2-6.<br \/>\nugyfelszolgalat@posta.hu<br \/>\nTelefon: (06-1) 767-82-82<br \/>\n\u00c1SZF: https:\/\/www.posta.hu\/ugyfelszolgalat\/aszf<br \/>\nAdatv\u00e9delmi t\u00e1j\u00e9koztat\u00f3: https:\/\/www.posta.hu\/adatkezelesi_tajekoztato<\/p>\n<h5>Sz\u00e1ll\u00edt\u00e1si k\u00f6lts\u00e9gek Magyarorsz\u00e1gon bel\u00fcl:<\/h5>\n<p>El\u0151re utal\u00e1sn\u00e1l \u00e9s bankk\u00e1rty\u00e1s fizet\u00e9sn\u00e9l: 3 000 Ft\/csomag,<br \/>\n30 000 Ft felett a sz\u00e1ll\u00edt\u00e1s ingyenes.<br \/>\nUt\u00e1nv\u00e9tes fizet\u00e9sn\u00e9l + 500 Ft ut\u00e1nv\u00e9t d\u00edjat sz\u00e1m\u00edtunk fel.<\/p>\n<h5>Sz\u00e1ll\u00edt\u00e1si k\u00f6lts\u00e9gek Magyarorsz\u00e1gon k\u00edv\u00fcl:<\/h5>\n<p>A sz\u00e1ll\u00edt\u00e1si d\u00edjat ut\u00f3lag kalkul\u00e1ljuk, melyr\u0151l a rendel\u00e9s lead\u00e1s\u00e1t k\u00f6vet\u0151en k\u00fcld\u00fcnk t\u00e1j\u00e9koztat\u00e1st.<\/p>\n<p>A fizetend\u0151 v\u00e9g\u00f6sszeg a megrendel\u00e9s \u00f6sszes\u00edt\u00e9se \u00e9s visszaigazol\u00f3 lev\u00e9l alapj\u00e1n minden k\u00f6lts\u00e9get tartalmaz. Felhaszn\u00e1l\u00f3 a Ptk. 6:127. \u00a7-a alapj\u00e1n k\u00e9sedelem n\u00e9lk\u00fcl k\u00f6teles meggy\u0151z\u0151dni arr\u00f3l, hogy a megrendelt term\u00e9k(ek) min\u0151s\u00e9ge \u00e9s mennyis\u00e9ge megfelel\u0151-e. A term\u00e9k(ek) k\u00e9zbes\u00edt\u00e9se munkanapokon t\u00f6rt\u00e9nik 8-17 \u00f3ra k\u00f6z\u00f6tti id\u0151szakban.<\/p>\n<\/div><\/div><\/div><\/div><\/div><\/div><div id=\"pg-989-1\"  class=\"panel-grid panel-has-style\" ><div class=\"panel-row-style panel-row-style-for-989-1\" ><div id=\"pgc-989-1-0\"  class=\"panel-grid-cell\" ><div id=\"panel-989-1-0-0\" class=\"so-panel widget widget_black-studio-tinymce widget_black_studio_tinymce panel-first-child panel-last-child\" data-index=\"1\" ><div class=\"panel-widget-style panel-widget-style-for-989-1-0-0\" ><div class=\"textwidget\"><h3>FIZET\u00c9SI M\u00d3DOK:<\/h3>\n<h4>Az al\u00e1bbi fizet\u00e9si m\u00f3dok k\u00f6z\u00fcl v\u00e1laszthat:<\/h4>\n<p><strong>1. Fizet\u00e9s ut\u00e1nv\u00e9tellel:<\/strong> Amennyiben a megrendelt term\u00e9k fut\u00e1rszolg\u00e1lattal, vagy csomagpontra ker\u00fcl kisz\u00e1ll\u00edt\u00e1sra, lehet\u0151s\u00e9g van arra, hogy \u00d6n a megrendel\u00e9s v\u00e9g\u00f6sszeg\u00e9t a fut\u00e1rnak teljes\u00edtse k\u00e9szp\u00e9nzben, vagy bankk\u00e1rty\u00e1val a megrendelt term\u00e9k(ek) \u00e1tv\u00e9telekor.<\/p>\n<p><strong>2. Fizet\u00e9s \u00e1tutal\u00e1ssal:<\/strong> a megrendelt term\u00e9kek ellen\u00e9rt\u00e9k\u00e9t a visszaigazol\u00f3 e-mailben tal\u00e1lhat\u00f3 banksz\u00e1ml\u00e1ra 3 napon bel\u00fcl kell \u00d6nnek \u00e1tutalnia. Az \u00f6sszeg banksz\u00e1ml\u00e1nkon t\u00f6rt\u00e9n\u0151 j\u00f3v\u00e1\u00edr\u00e1s\u00e1t k\u00f6vet\u0151en \u00d6n jogosult a term\u00e9k(ek) \u00e1ltala meghat\u00e1rozott m\u00f3don t\u00f6rt\u00e9n\u0151 \u00e1tv\u00e9tel\u00e9re.<\/p>\n<p><strong>3. Fizet\u00e9s Online bankk\u00e1rty\u00e1val:<\/strong> \u00d6nnek lehet\u0151s\u00e9ge van a rendel\u00e9s \u00f6ssz\u00e9rt\u00e9k\u00e9t online, bankk\u00e1rty\u00e1val fizetni az \u00e1ltalunk ig\u00e9nybe vett p\u00e9nz\u00fcgyi szolg\u00e1ltat\u00f3 biztons\u00e1gos fizet\u00e9si rendszer\u00e9n kereszt\u00fcl (SimplePay)<\/p>\n<p>4. Szem\u00e9lyes \u00e1tv\u00e9tel eset\u00e9n a G\u00f6tz Pinc\u00e9ben \u00d6n k\u00e9szp\u00e9nzzel vagy bankk\u00e1rty\u00e1val is fizethet.<\/p>\n<\/div><\/div><\/div><\/div><\/div><\/div><\/div>","protected":false},"excerpt":{"rendered":"<p>SZ\u00c1LL\u00cdT\u00c1SI M\u00d3DOK, SZ\u00c1LL\u00cdT\u00c1SI D\u00cdJAK: Az al\u00e1bbi sz\u00e1ll\u00edt\u00e1si m\u00f3dok k\u00f6z\u00fcl v\u00e1laszthat: 1. Szem\u00e9lyes \u00e1tv\u00e9tel a G\u00f6tz Pinc\u00e9szetben. 2. H\u00e1zhozsz\u00e1ll\u00edt\u00e1s fut\u00e1rral: A k\u00fcldem\u00e9nyt a legalkalmasabb fuvaroz\u00f3val sz\u00e1ll\u00edtjuk otthon\u00e1ba. A k\u00f6vetkez\u0151 fuvaroz\u00f3k \u00e1llnak rendelkez\u00e9s\u00fcnkre: GLS, MPL. GLS General Logistics Systems Hungary Csomag-Logisztikai Kft. &hellip; <a class=\"kt-excerpt-readmore more-link\" href=\"https:\/\/gotzpinceszet.hu\/en\/szallitas-es-fizetes\/\" aria-label=\"Sz\u00e1ll\u00edt\u00e1s \u00e9s Fizet\u00e9s\">More<\/a><\/p>","protected":false},"author":1,"featured_media":583,"parent":0,"menu_order":0,"comment_status":"closed","ping_status":"closed","template":"","meta":{"footnotes":""},"class_list":["post-989","page","type-page","status-publish","has-post-thumbnail","hentry"],"yoast_head":"<!-- This site is optimized with the Yoast SEO plugin v27.4 - https:\/\/yoast.com\/product\/yoast-seo-wordpress\/ -->\n<title>Sz\u00e1ll\u00edt\u00e1s \u00e9s Fizet\u00e9s - G\u00f6tz Pinc\u00e9szet Hercegk\u00fat<\/title>\n<meta name=\"description\" content=\"Sz\u00e1ll\u00edt\u00e1s \u00e9s Fizet\u00e9s - G\u00f6tz Pinc\u00e9szet Hercegk\u00fat\" \/>\n<meta name=\"robots\" content=\"index, follow, max-snippet:-1, max-image-preview:large, max-video-preview:-1\" \/>\n<link rel=\"canonical\" href=\"https:\/\/gotzpinceszet.hu\/en\/szallitas-es-fizetes\/\" \/>\n<meta property=\"og:locale\" content=\"en_GB\" \/>\n<meta property=\"og:type\" content=\"article\" \/>\n<meta property=\"og:title\" content=\"Sz\u00e1ll\u00edt\u00e1s \u00e9s Fizet\u00e9s - G\u00f6tz Pinc\u00e9szet Hercegk\u00fat\" \/>\n<meta property=\"og:description\" content=\"Sz\u00e1ll\u00edt\u00e1s \u00e9s Fizet\u00e9s - G\u00f6tz Pinc\u00e9szet Hercegk\u00fat\" \/>\n<meta property=\"og:url\" content=\"https:\/\/gotzpinceszet.hu\/en\/szallitas-es-fizetes\/\" \/>\n<meta property=\"og:site_name\" content=\"G\u00f6tz Pinc\u00e9szet Hercegk\u00fat\" \/>\n<meta property=\"article:publisher\" content=\"https:\/\/www.facebook.com\/gotzpinceszet\" \/>\n<meta property=\"article:modified_time\" content=\"2025-08-15T11:04:09+00:00\" \/>\n<meta property=\"og:image\" content=\"https:\/\/gotzpinceszet.hu\/wp-content\/uploads\/2025\/06\/gotz-pinceszet-62.jpg\" \/>\n\t<meta property=\"og:image:width\" content=\"711\" \/>\n\t<meta property=\"og:image:height\" content=\"533\" \/>\n\t<meta property=\"og:image:type\" content=\"image\/jpeg\" \/>\n<meta name=\"twitter:card\" content=\"summary_large_image\" \/>\n<meta name=\"twitter:label1\" content=\"Estimated reading time\" \/>\n\t<meta name=\"twitter:data1\" content=\"2 minutes\" \/>\n<script type=\"application\/ld+json\" class=\"yoast-schema-graph\">{\"@context\":\"https:\\\/\\\/schema.org\",\"@graph\":[{\"@type\":\"WebPage\",\"@id\":\"https:\\\/\\\/gotzpinceszet.hu\\\/szallitas-es-fizetes\\\/\",\"url\":\"https:\\\/\\\/gotzpinceszet.hu\\\/szallitas-es-fizetes\\\/\",\"name\":\"Sz\u00e1ll\u00edt\u00e1s \u00e9s Fizet\u00e9s - G\u00f6tz Pinc\u00e9szet Hercegk\u00fat\",\"isPartOf\":{\"@id\":\"https:\\\/\\\/gotzpinceszet.hu\\\/#website\"},\"primaryImageOfPage\":{\"@id\":\"https:\\\/\\\/gotzpinceszet.hu\\\/szallitas-es-fizetes\\\/#primaryimage\"},\"image\":{\"@id\":\"https:\\\/\\\/gotzpinceszet.hu\\\/szallitas-es-fizetes\\\/#primaryimage\"},\"thumbnailUrl\":\"https:\\\/\\\/gotzpinceszet.hu\\\/wp-content\\\/uploads\\\/2025\\\/06\\\/gotz-pinceszet-62.jpg\",\"datePublished\":\"2025-07-28T18:15:00+00:00\",\"dateModified\":\"2025-08-15T11:04:09+00:00\",\"description\":\"Sz\u00e1ll\u00edt\u00e1s \u00e9s Fizet\u00e9s - G\u00f6tz Pinc\u00e9szet Hercegk\u00fat\",\"breadcrumb\":{\"@id\":\"https:\\\/\\\/gotzpinceszet.hu\\\/szallitas-es-fizetes\\\/#breadcrumb\"},\"inLanguage\":\"en-GB\",\"potentialAction\":[{\"@type\":\"ReadAction\",\"target\":[\"https:\\\/\\\/gotzpinceszet.hu\\\/szallitas-es-fizetes\\\/\"]}]},{\"@type\":\"ImageObject\",\"inLanguage\":\"en-GB\",\"@id\":\"https:\\\/\\\/gotzpinceszet.hu\\\/szallitas-es-fizetes\\\/#primaryimage\",\"url\":\"https:\\\/\\\/gotzpinceszet.hu\\\/wp-content\\\/uploads\\\/2025\\\/06\\\/gotz-pinceszet-62.jpg\",\"contentUrl\":\"https:\\\/\\\/gotzpinceszet.hu\\\/wp-content\\\/uploads\\\/2025\\\/06\\\/gotz-pinceszet-62.jpg\",\"width\":711,\"height\":533,\"caption\":\"G\u00f6tz Pinc\u00e9szet\"},{\"@type\":\"BreadcrumbList\",\"@id\":\"https:\\\/\\\/gotzpinceszet.hu\\\/szallitas-es-fizetes\\\/#breadcrumb\",\"itemListElement\":[{\"@type\":\"ListItem\",\"position\":1,\"name\":\"Kezd\u0151lap\",\"item\":\"https:\\\/\\\/gotzpinceszet.hu\\\/\"},{\"@type\":\"ListItem\",\"position\":2,\"name\":\"Sz\u00e1ll\u00edt\u00e1s \u00e9s Fizet\u00e9s\"}]},{\"@type\":\"WebSite\",\"@id\":\"https:\\\/\\\/gotzpinceszet.hu\\\/#website\",\"url\":\"https:\\\/\\\/gotzpinceszet.hu\\\/\",\"name\":\"G\u00f6tz Pinc\u00e9szet\",\"description\":\"Bork\u00f3stol\u00e1s - Hercegk\u00fat\",\"publisher\":{\"@id\":\"https:\\\/\\\/gotzpinceszet.hu\\\/#organization\"},\"potentialAction\":[{\"@type\":\"SearchAction\",\"target\":{\"@type\":\"EntryPoint\",\"urlTemplate\":\"https:\\\/\\\/gotzpinceszet.hu\\\/?s={search_term_string}\"},\"query-input\":{\"@type\":\"PropertyValueSpecification\",\"valueRequired\":true,\"valueName\":\"search_term_string\"}}],\"inLanguage\":\"en-GB\"},{\"@type\":\"Organization\",\"@id\":\"https:\\\/\\\/gotzpinceszet.hu\\\/#organization\",\"name\":\"G\u00f6tz Pinc\u00e9szet\",\"url\":\"https:\\\/\\\/gotzpinceszet.hu\\\/\",\"logo\":{\"@type\":\"ImageObject\",\"inLanguage\":\"en-GB\",\"@id\":\"https:\\\/\\\/gotzpinceszet.hu\\\/#\\\/schema\\\/logo\\\/image\\\/\",\"url\":\"https:\\\/\\\/gotzpinceszet.hu\\\/wp-content\\\/uploads\\\/2025\\\/06\\\/gotz-pinceszet-logo.png\",\"contentUrl\":\"https:\\\/\\\/gotzpinceszet.hu\\\/wp-content\\\/uploads\\\/2025\\\/06\\\/gotz-pinceszet-logo.png\",\"width\":500,\"height\":400,\"caption\":\"G\u00f6tz Pinc\u00e9szet\"},\"image\":{\"@id\":\"https:\\\/\\\/gotzpinceszet.hu\\\/#\\\/schema\\\/logo\\\/image\\\/\"},\"sameAs\":[\"https:\\\/\\\/www.facebook.com\\\/gotzpinceszet\",\"https:\\\/\\\/www.instagram.com\\\/gotzpinceszet\\\/\"]}]}<\/script>\n<!-- \/ Yoast SEO plugin. -->","yoast_head_json":{"title":"Sz\u00e1ll\u00edt\u00e1s \u00e9s Fizet\u00e9s - G\u00f6tz Pinc\u00e9szet Hercegk\u00fat","description":"Sz\u00e1ll\u00edt\u00e1s \u00e9s Fizet\u00e9s - G\u00f6tz Pinc\u00e9szet Hercegk\u00fat","robots":{"index":"index","follow":"follow","max-snippet":"max-snippet:-1","max-image-preview":"max-image-preview:large","max-video-preview":"max-video-preview:-1"},"canonical":"https:\/\/gotzpinceszet.hu\/en\/szallitas-es-fizetes\/","og_locale":"en_GB","og_type":"article","og_title":"Sz\u00e1ll\u00edt\u00e1s \u00e9s Fizet\u00e9s - G\u00f6tz Pinc\u00e9szet Hercegk\u00fat","og_description":"Sz\u00e1ll\u00edt\u00e1s \u00e9s Fizet\u00e9s - G\u00f6tz Pinc\u00e9szet Hercegk\u00fat","og_url":"https:\/\/gotzpinceszet.hu\/en\/szallitas-es-fizetes\/","og_site_name":"G\u00f6tz Pinc\u00e9szet Hercegk\u00fat","article_publisher":"https:\/\/www.facebook.com\/gotzpinceszet","article_modified_time":"2025-08-15T11:04:09+00:00","og_image":[{"width":711,"height":533,"url":"https:\/\/gotzpinceszet.hu\/wp-content\/uploads\/2025\/06\/gotz-pinceszet-62.jpg","type":"image\/jpeg"}],"twitter_card":"summary_large_image","twitter_misc":{"Estimated reading time":"2 minutes"},"schema":{"@context":"https:\/\/schema.org","@graph":[{"@type":"WebPage","@id":"https:\/\/gotzpinceszet.hu\/szallitas-es-fizetes\/","url":"https:\/\/gotzpinceszet.hu\/szallitas-es-fizetes\/","name":"Sz\u00e1ll\u00edt\u00e1s \u00e9s Fizet\u00e9s - G\u00f6tz Pinc\u00e9szet Hercegk\u00fat","isPartOf":{"@id":"https:\/\/gotzpinceszet.hu\/#website"},"primaryImageOfPage":{"@id":"https:\/\/gotzpinceszet.hu\/szallitas-es-fizetes\/#primaryimage"},"image":{"@id":"https:\/\/gotzpinceszet.hu\/szallitas-es-fizetes\/#primaryimage"},"thumbnailUrl":"https:\/\/gotzpinceszet.hu\/wp-content\/uploads\/2025\/06\/gotz-pinceszet-62.jpg","datePublished":"2025-07-28T18:15:00+00:00","dateModified":"2025-08-15T11:04:09+00:00","description":"Sz\u00e1ll\u00edt\u00e1s \u00e9s Fizet\u00e9s - G\u00f6tz Pinc\u00e9szet Hercegk\u00fat","breadcrumb":{"@id":"https:\/\/gotzpinceszet.hu\/szallitas-es-fizetes\/#breadcrumb"},"inLanguage":"en-GB","potentialAction":[{"@type":"ReadAction","target":["https:\/\/gotzpinceszet.hu\/szallitas-es-fizetes\/"]}]},{"@type":"ImageObject","inLanguage":"en-GB","@id":"https:\/\/gotzpinceszet.hu\/szallitas-es-fizetes\/#primaryimage","url":"https:\/\/gotzpinceszet.hu\/wp-content\/uploads\/2025\/06\/gotz-pinceszet-62.jpg","contentUrl":"https:\/\/gotzpinceszet.hu\/wp-content\/uploads\/2025\/06\/gotz-pinceszet-62.jpg","width":711,"height":533,"caption":"G\u00f6tz Pinc\u00e9szet"},{"@type":"BreadcrumbList","@id":"https:\/\/gotzpinceszet.hu\/szallitas-es-fizetes\/#breadcrumb","itemListElement":[{"@type":"ListItem","position":1,"name":"Kezd\u0151lap","item":"https:\/\/gotzpinceszet.hu\/"},{"@type":"ListItem","position":2,"name":"Sz\u00e1ll\u00edt\u00e1s \u00e9s Fizet\u00e9s"}]},{"@type":"WebSite","@id":"https:\/\/gotzpinceszet.hu\/#website","url":"https:\/\/gotzpinceszet.hu\/","name":"G\u00f6tz Winery","description":"Bork\u00f3stol\u00e1s - Hercegk\u00fat","publisher":{"@id":"https:\/\/gotzpinceszet.hu\/#organization"},"potentialAction":[{"@type":"SearchAction","target":{"@type":"EntryPoint","urlTemplate":"https:\/\/gotzpinceszet.hu\/?s={search_term_string}"},"query-input":{"@type":"PropertyValueSpecification","valueRequired":true,"valueName":"search_term_string"}}],"inLanguage":"en-GB"},{"@type":"Organization","@id":"https:\/\/gotzpinceszet.hu\/#organization","name":"G\u00f6tz Winery","url":"https:\/\/gotzpinceszet.hu\/","logo":{"@type":"ImageObject","inLanguage":"en-GB","@id":"https:\/\/gotzpinceszet.hu\/#\/schema\/logo\/image\/","url":"https:\/\/gotzpinceszet.hu\/wp-content\/uploads\/2025\/06\/gotz-pinceszet-logo.png","contentUrl":"https:\/\/gotzpinceszet.hu\/wp-content\/uploads\/2025\/06\/gotz-pinceszet-logo.png","width":500,"height":400,"caption":"G\u00f6tz Pinc\u00e9szet"},"image":{"@id":"https:\/\/gotzpinceszet.hu\/#\/schema\/logo\/image\/"},"sameAs":["https:\/\/www.facebook.com\/gotzpinceszet","https:\/\/www.instagram.com\/gotzpinceszet\/"]}]}},"_links":{"self":[{"href":"https:\/\/gotzpinceszet.hu\/en\/wp-json\/wp\/v2\/pages\/989","targetHints":{"allow":["GET"]}}],"collection":[{"href":"https:\/\/gotzpinceszet.hu\/en\/wp-json\/wp\/v2\/pages"}],"about":[{"href":"https:\/\/gotzpinceszet.hu\/en\/wp-json\/wp\/v2\/types\/page"}],"author":[{"embeddable":true,"href":"https:\/\/gotzpinceszet.hu\/en\/wp-json\/wp\/v2\/users\/1"}],"replies":[{"embeddable":true,"href":"https:\/\/gotzpinceszet.hu\/en\/wp-json\/wp\/v2\/comments?post=989"}],"version-history":[{"count":7,"href":"https:\/\/gotzpinceszet.hu\/en\/wp-json\/wp\/v2\/pages\/989\/revisions"}],"predecessor-version":[{"id":1046,"href":"https:\/\/gotzpinceszet.hu\/en\/wp-json\/wp\/v2\/pages\/989\/revisions\/1046"}],"wp:featuredmedia":[{"embeddable":true,"href":"https:\/\/gotzpinceszet.hu\/en\/wp-json\/wp\/v2\/media\/583"}],"wp:attachment":[{"href":"https:\/\/gotzpinceszet.hu\/en\/wp-json\/wp\/v2\/media?parent=989"}],"curies":[{"name":"wp","href":"https:\/\/api.w.org\/{rel}","templated":true}]}}