{"id":1094,"date":"2026-04-21T15:22:07","date_gmt":"2026-04-21T13:22:07","guid":{"rendered":"https:\/\/gotzpinceszet.hu\/?post_type=product&#038;p=1094"},"modified":"2026-04-21T20:35:12","modified_gmt":"2026-04-21T18:35:12","slug":"gotz-tokaji-sargamuskotaly-kesoi-szuret-edes","status":"publish","type":"product","link":"https:\/\/gotzpinceszet.hu\/en\/product\/gotz-tokaji-sargamuskotaly-kesoi-szuret-edes\/","title":{"rendered":"G\u00f6tz Tokaji S\u00e1rgamuskot\u00e1ly k\u00e9s\u0151i sz\u00fcret \u00e9des"},"content":{"rendered":"<p><strong>\u00c9vj\u00e1rat: 2024<\/strong><br \/>\n<strong>Alkohol (%vol):<\/strong><br \/>\n<strong>T\u00edpus:<\/strong><br \/>\n<strong>Jelleg: <\/strong>Sweet<br \/>\n<strong>Sz\u00edn: <\/strong>Feh\u00e9r<br \/>\n<strong>Sz\u0151l\u0151fajta:<\/strong><br \/>\n<strong>K\u00e9sz\u00edt\u00e9si m\u00f3d:<\/strong><br \/>\n<strong>Min\u0151s\u00e9g:<\/strong><br \/>\n<strong>Kiszerel\u00e9s:<\/strong> 0,5 L<\/p>\n<p><strong>10 000 HUF\/1L<\/strong><\/p>","protected":false},"excerpt":{"rendered":"<p>A Tokaji S\u00e1rgamuskot\u00e1ly k\u00e9s\u0151i sz\u00fcretel\u00e9s\u0171 bor illat\u00e1ban gazdag vir\u00e1gos \u00e9s m\u00e9zes jegyek jelennek meg, bodz\u00e1val, citrusokkal \u00e9s \u00e9rett gy\u00fcm\u00f6lcs\u00f6kkel kieg\u00e9sz\u00fclve. \u00cdz\u00e9ben b\u00e1rsonyos \u00e9dess\u00e9g \u00e9s \u00e9l\u00e9nk savak alkotnak harmonikus egyens\u00falyt, melyet barackos \u00e9s tr\u00f3pusi gy\u00fcm\u00f6lcs\u00f6s arom\u00e1k tesznek teljess\u00e9. A k\u00e9s\u0151i sz\u00fcretnek k\u00f6sz\u00f6nhet\u0151en koncentr\u00e1lt, telt karakter\u0171 bor, hossz\u00fa, selymes lecseng\u00e9ssel. Eleg\u00e1ns desszertbor, amely \u00f6nmag\u00e1ban vagy finom \u00e9dess\u00e9gek mell\u00e9 is kiv\u00e1l\u00f3 v\u00e1laszt\u00e1s.&hellip; <a class=\"kt-excerpt-readmore more-link\" href=\"https:\/\/gotzpinceszet.hu\/en\/product\/gotz-tokaji-sargamuskotaly-kesoi-szuret-edes\/\" aria-label=\"G\u00f6tz Tokaji S\u00e1rgamuskot\u00e1ly k\u00e9s\u0151i sz\u00fcret \u00e9des\">More<\/a><\/p>","protected":false},"featured_media":1095,"comment_status":"open","ping_status":"closed","template":"","meta":[],"product_brand":[],"product_cat":[68],"product_tag":[73],"class_list":{"0":"post-1094","1":"product","2":"type-product","3":"status-publish","4":"has-post-thumbnail","6":"product_cat-sargamuskotaly","7":"product_tag-73","9":"first","10":"instock","11":"shipping-taxable","12":"purchasable","13":"product-type-simple"},"yoast_head":"<!-- This site is optimized with the Yoast SEO plugin v27.4 - https:\/\/yoast.com\/product\/yoast-seo-wordpress\/ -->\n<title>G\u00f6tz Tokaji S\u00e1rgamuskot\u00e1ly k\u00e9s\u0151i sz\u00fcret \u00e9des - G\u00f6tz Pinc\u00e9szet Hercegk\u00fat<\/title>\n<meta name=\"description\" content=\"G\u00f6tz Tokaji S\u00e1rgamuskot\u00e1ly k\u00e9s\u0151i sz\u00fcret \u00e9des - G\u00f6tz Pinc\u00e9szet Hercegk\u00fat\" \/>\n<meta name=\"robots\" content=\"index, follow, max-snippet:-1, max-image-preview:large, max-video-preview:-1\" \/>\n<link rel=\"canonical\" href=\"https:\/\/gotzpinceszet.hu\/en\/product\/gotz-tokaji-sargamuskotaly-kesoi-szuret-edes\/\" \/>\n<meta property=\"og:locale\" content=\"en_GB\" \/>\n<meta property=\"og:type\" content=\"article\" \/>\n<meta property=\"og:title\" content=\"G\u00f6tz Tokaji S\u00e1rgamuskot\u00e1ly k\u00e9s\u0151i sz\u00fcret \u00e9des - G\u00f6tz Pinc\u00e9szet Hercegk\u00fat\" \/>\n<meta property=\"og:description\" content=\"G\u00f6tz Tokaji S\u00e1rgamuskot\u00e1ly k\u00e9s\u0151i sz\u00fcret \u00e9des - G\u00f6tz Pinc\u00e9szet Hercegk\u00fat\" \/>\n<meta property=\"og:url\" content=\"https:\/\/gotzpinceszet.hu\/en\/product\/gotz-tokaji-sargamuskotaly-kesoi-szuret-edes\/\" \/>\n<meta property=\"og:site_name\" content=\"G\u00f6tz Pinc\u00e9szet Hercegk\u00fat\" \/>\n<meta property=\"article:publisher\" content=\"https:\/\/www.facebook.com\/gotzpinceszet\" \/>\n<meta property=\"article:modified_time\" content=\"2026-04-21T18:35:12+00:00\" \/>\n<meta property=\"og:image\" content=\"https:\/\/gotzpinceszet.hu\/wp-content\/uploads\/2026\/04\/gotz-tokaji-sargamuskotaly-kesoi-szuret-edes.jpg\" \/>\n\t<meta property=\"og:image:width\" content=\"600\" \/>\n\t<meta property=\"og:image:height\" content=\"800\" \/>\n\t<meta property=\"og:image:type\" content=\"image\/jpeg\" \/>\n<meta name=\"twitter:card\" content=\"summary_large_image\" \/>\n<meta name=\"twitter:label1\" content=\"Estimated reading time\" \/>\n\t<meta name=\"twitter:data1\" content=\"1 minute\" \/>\n<script type=\"application\/ld+json\" class=\"yoast-schema-graph\">{\"@context\":\"https:\\\/\\\/schema.org\",\"@graph\":[{\"@type\":\"WebPage\",\"@id\":\"https:\\\/\\\/gotzpinceszet.hu\\\/termek\\\/gotz-tokaji-sargamuskotaly-kesoi-szuret-edes\\\/\",\"url\":\"https:\\\/\\\/gotzpinceszet.hu\\\/termek\\\/gotz-tokaji-sargamuskotaly-kesoi-szuret-edes\\\/\",\"name\":\"G\u00f6tz Tokaji S\u00e1rgamuskot\u00e1ly k\u00e9s\u0151i sz\u00fcret \u00e9des - G\u00f6tz Pinc\u00e9szet Hercegk\u00fat\",\"isPartOf\":{\"@id\":\"https:\\\/\\\/gotzpinceszet.hu\\\/#website\"},\"primaryImageOfPage\":{\"@id\":\"https:\\\/\\\/gotzpinceszet.hu\\\/termek\\\/gotz-tokaji-sargamuskotaly-kesoi-szuret-edes\\\/#primaryimage\"},\"image\":{\"@id\":\"https:\\\/\\\/gotzpinceszet.hu\\\/termek\\\/gotz-tokaji-sargamuskotaly-kesoi-szuret-edes\\\/#primaryimage\"},\"thumbnailUrl\":\"https:\\\/\\\/gotzpinceszet.hu\\\/wp-content\\\/uploads\\\/2026\\\/04\\\/gotz-tokaji-sargamuskotaly-kesoi-szuret-edes.jpg\",\"datePublished\":\"2026-04-21T13:22:07+00:00\",\"dateModified\":\"2026-04-21T18:35:12+00:00\",\"description\":\"G\u00f6tz Tokaji S\u00e1rgamuskot\u00e1ly k\u00e9s\u0151i sz\u00fcret \u00e9des - G\u00f6tz Pinc\u00e9szet Hercegk\u00fat\",\"breadcrumb\":{\"@id\":\"https:\\\/\\\/gotzpinceszet.hu\\\/termek\\\/gotz-tokaji-sargamuskotaly-kesoi-szuret-edes\\\/#breadcrumb\"},\"inLanguage\":\"en-GB\",\"potentialAction\":[{\"@type\":\"ReadAction\",\"target\":[\"https:\\\/\\\/gotzpinceszet.hu\\\/termek\\\/gotz-tokaji-sargamuskotaly-kesoi-szuret-edes\\\/\"]}]},{\"@type\":\"ImageObject\",\"inLanguage\":\"en-GB\",\"@id\":\"https:\\\/\\\/gotzpinceszet.hu\\\/termek\\\/gotz-tokaji-sargamuskotaly-kesoi-szuret-edes\\\/#primaryimage\",\"url\":\"https:\\\/\\\/gotzpinceszet.hu\\\/wp-content\\\/uploads\\\/2026\\\/04\\\/gotz-tokaji-sargamuskotaly-kesoi-szuret-edes.jpg\",\"contentUrl\":\"https:\\\/\\\/gotzpinceszet.hu\\\/wp-content\\\/uploads\\\/2026\\\/04\\\/gotz-tokaji-sargamuskotaly-kesoi-szuret-edes.jpg\",\"width\":600,\"height\":800,\"caption\":\"G\u00f6tz Tokaji S\u00e1rgamuskot\u00e1ly k\u00e9s\u0151i sz\u00fcret \u00e9des\"},{\"@type\":\"BreadcrumbList\",\"@id\":\"https:\\\/\\\/gotzpinceszet.hu\\\/termek\\\/gotz-tokaji-sargamuskotaly-kesoi-szuret-edes\\\/#breadcrumb\",\"itemListElement\":[{\"@type\":\"ListItem\",\"position\":1,\"name\":\"Kezd\u0151lap\",\"item\":\"https:\\\/\\\/gotzpinceszet.hu\\\/\"},{\"@type\":\"ListItem\",\"position\":2,\"name\":\"Shop\",\"item\":\"https:\\\/\\\/gotzpinceszet.hu\\\/shop\\\/\"},{\"@type\":\"ListItem\",\"position\":3,\"name\":\"G\u00f6tz Tokaji S\u00e1rgamuskot\u00e1ly k\u00e9s\u0151i sz\u00fcret \u00e9des\"}]},{\"@type\":\"WebSite\",\"@id\":\"https:\\\/\\\/gotzpinceszet.hu\\\/#website\",\"url\":\"https:\\\/\\\/gotzpinceszet.hu\\\/\",\"name\":\"G\u00f6tz Pinc\u00e9szet\",\"description\":\"Bork\u00f3stol\u00e1s - Hercegk\u00fat\",\"publisher\":{\"@id\":\"https:\\\/\\\/gotzpinceszet.hu\\\/#organization\"},\"potentialAction\":[{\"@type\":\"SearchAction\",\"target\":{\"@type\":\"EntryPoint\",\"urlTemplate\":\"https:\\\/\\\/gotzpinceszet.hu\\\/?s={search_term_string}\"},\"query-input\":{\"@type\":\"PropertyValueSpecification\",\"valueRequired\":true,\"valueName\":\"search_term_string\"}}],\"inLanguage\":\"en-GB\"},{\"@type\":\"Organization\",\"@id\":\"https:\\\/\\\/gotzpinceszet.hu\\\/#organization\",\"name\":\"G\u00f6tz Pinc\u00e9szet\",\"url\":\"https:\\\/\\\/gotzpinceszet.hu\\\/\",\"logo\":{\"@type\":\"ImageObject\",\"inLanguage\":\"en-GB\",\"@id\":\"https:\\\/\\\/gotzpinceszet.hu\\\/#\\\/schema\\\/logo\\\/image\\\/\",\"url\":\"https:\\\/\\\/gotzpinceszet.hu\\\/wp-content\\\/uploads\\\/2025\\\/06\\\/gotz-pinceszet-logo.png\",\"contentUrl\":\"https:\\\/\\\/gotzpinceszet.hu\\\/wp-content\\\/uploads\\\/2025\\\/06\\\/gotz-pinceszet-logo.png\",\"width\":500,\"height\":400,\"caption\":\"G\u00f6tz Pinc\u00e9szet\"},\"image\":{\"@id\":\"https:\\\/\\\/gotzpinceszet.hu\\\/#\\\/schema\\\/logo\\\/image\\\/\"},\"sameAs\":[\"https:\\\/\\\/www.facebook.com\\\/gotzpinceszet\",\"https:\\\/\\\/www.instagram.com\\\/gotzpinceszet\\\/\"]}]}<\/script>\n<!-- \/ Yoast SEO plugin. -->","yoast_head_json":{"title":"G\u00f6tz Tokaji S\u00e1rgamuskot\u00e1ly k\u00e9s\u0151i sz\u00fcret \u00e9des - G\u00f6tz Pinc\u00e9szet Hercegk\u00fat","description":"G\u00f6tz Tokaji S\u00e1rgamuskot\u00e1ly k\u00e9s\u0151i sz\u00fcret \u00e9des - G\u00f6tz Pinc\u00e9szet Hercegk\u00fat","robots":{"index":"index","follow":"follow","max-snippet":"max-snippet:-1","max-image-preview":"max-image-preview:large","max-video-preview":"max-video-preview:-1"},"canonical":"https:\/\/gotzpinceszet.hu\/en\/product\/gotz-tokaji-sargamuskotaly-kesoi-szuret-edes\/","og_locale":"en_GB","og_type":"article","og_title":"G\u00f6tz Tokaji S\u00e1rgamuskot\u00e1ly k\u00e9s\u0151i sz\u00fcret \u00e9des - G\u00f6tz Pinc\u00e9szet Hercegk\u00fat","og_description":"G\u00f6tz Tokaji S\u00e1rgamuskot\u00e1ly k\u00e9s\u0151i sz\u00fcret \u00e9des - G\u00f6tz Pinc\u00e9szet Hercegk\u00fat","og_url":"https:\/\/gotzpinceszet.hu\/en\/product\/gotz-tokaji-sargamuskotaly-kesoi-szuret-edes\/","og_site_name":"G\u00f6tz Pinc\u00e9szet Hercegk\u00fat","article_publisher":"https:\/\/www.facebook.com\/gotzpinceszet","article_modified_time":"2026-04-21T18:35:12+00:00","og_image":[{"width":600,"height":800,"url":"https:\/\/gotzpinceszet.hu\/wp-content\/uploads\/2026\/04\/gotz-tokaji-sargamuskotaly-kesoi-szuret-edes.jpg","type":"image\/jpeg"}],"twitter_card":"summary_large_image","twitter_misc":{"Estimated reading time":"1 minute"},"schema":{"@context":"https:\/\/schema.org","@graph":[{"@type":"WebPage","@id":"https:\/\/gotzpinceszet.hu\/termek\/gotz-tokaji-sargamuskotaly-kesoi-szuret-edes\/","url":"https:\/\/gotzpinceszet.hu\/termek\/gotz-tokaji-sargamuskotaly-kesoi-szuret-edes\/","name":"G\u00f6tz Tokaji S\u00e1rgamuskot\u00e1ly k\u00e9s\u0151i sz\u00fcret \u00e9des - G\u00f6tz Pinc\u00e9szet Hercegk\u00fat","isPartOf":{"@id":"https:\/\/gotzpinceszet.hu\/#website"},"primaryImageOfPage":{"@id":"https:\/\/gotzpinceszet.hu\/termek\/gotz-tokaji-sargamuskotaly-kesoi-szuret-edes\/#primaryimage"},"image":{"@id":"https:\/\/gotzpinceszet.hu\/termek\/gotz-tokaji-sargamuskotaly-kesoi-szuret-edes\/#primaryimage"},"thumbnailUrl":"https:\/\/gotzpinceszet.hu\/wp-content\/uploads\/2026\/04\/gotz-tokaji-sargamuskotaly-kesoi-szuret-edes.jpg","datePublished":"2026-04-21T13:22:07+00:00","dateModified":"2026-04-21T18:35:12+00:00","description":"G\u00f6tz Tokaji S\u00e1rgamuskot\u00e1ly k\u00e9s\u0151i sz\u00fcret \u00e9des - G\u00f6tz Pinc\u00e9szet Hercegk\u00fat","breadcrumb":{"@id":"https:\/\/gotzpinceszet.hu\/termek\/gotz-tokaji-sargamuskotaly-kesoi-szuret-edes\/#breadcrumb"},"inLanguage":"en-GB","potentialAction":[{"@type":"ReadAction","target":["https:\/\/gotzpinceszet.hu\/termek\/gotz-tokaji-sargamuskotaly-kesoi-szuret-edes\/"]}]},{"@type":"ImageObject","inLanguage":"en-GB","@id":"https:\/\/gotzpinceszet.hu\/termek\/gotz-tokaji-sargamuskotaly-kesoi-szuret-edes\/#primaryimage","url":"https:\/\/gotzpinceszet.hu\/wp-content\/uploads\/2026\/04\/gotz-tokaji-sargamuskotaly-kesoi-szuret-edes.jpg","contentUrl":"https:\/\/gotzpinceszet.hu\/wp-content\/uploads\/2026\/04\/gotz-tokaji-sargamuskotaly-kesoi-szuret-edes.jpg","width":600,"height":800,"caption":"G\u00f6tz Tokaji S\u00e1rgamuskot\u00e1ly k\u00e9s\u0151i sz\u00fcret \u00e9des"},{"@type":"BreadcrumbList","@id":"https:\/\/gotzpinceszet.hu\/termek\/gotz-tokaji-sargamuskotaly-kesoi-szuret-edes\/#breadcrumb","itemListElement":[{"@type":"ListItem","position":1,"name":"Kezd\u0151lap","item":"https:\/\/gotzpinceszet.hu\/"},{"@type":"ListItem","position":2,"name":"Shop","item":"https:\/\/gotzpinceszet.hu\/shop\/"},{"@type":"ListItem","position":3,"name":"G\u00f6tz Tokaji S\u00e1rgamuskot\u00e1ly k\u00e9s\u0151i sz\u00fcret \u00e9des"}]},{"@type":"WebSite","@id":"https:\/\/gotzpinceszet.hu\/#website","url":"https:\/\/gotzpinceszet.hu\/","name":"G\u00f6tz Winery","description":"Bork\u00f3stol\u00e1s - Hercegk\u00fat","publisher":{"@id":"https:\/\/gotzpinceszet.hu\/#organization"},"potentialAction":[{"@type":"SearchAction","target":{"@type":"EntryPoint","urlTemplate":"https:\/\/gotzpinceszet.hu\/?s={search_term_string}"},"query-input":{"@type":"PropertyValueSpecification","valueRequired":true,"valueName":"search_term_string"}}],"inLanguage":"en-GB"},{"@type":"Organization","@id":"https:\/\/gotzpinceszet.hu\/#organization","name":"G\u00f6tz Winery","url":"https:\/\/gotzpinceszet.hu\/","logo":{"@type":"ImageObject","inLanguage":"en-GB","@id":"https:\/\/gotzpinceszet.hu\/#\/schema\/logo\/image\/","url":"https:\/\/gotzpinceszet.hu\/wp-content\/uploads\/2025\/06\/gotz-pinceszet-logo.png","contentUrl":"https:\/\/gotzpinceszet.hu\/wp-content\/uploads\/2025\/06\/gotz-pinceszet-logo.png","width":500,"height":400,"caption":"G\u00f6tz Pinc\u00e9szet"},"image":{"@id":"https:\/\/gotzpinceszet.hu\/#\/schema\/logo\/image\/"},"sameAs":["https:\/\/www.facebook.com\/gotzpinceszet","https:\/\/www.instagram.com\/gotzpinceszet\/"]}]}},"_links":{"self":[{"href":"https:\/\/gotzpinceszet.hu\/en\/wp-json\/wp\/v2\/product\/1094","targetHints":{"allow":["GET"]}}],"collection":[{"href":"https:\/\/gotzpinceszet.hu\/en\/wp-json\/wp\/v2\/product"}],"about":[{"href":"https:\/\/gotzpinceszet.hu\/en\/wp-json\/wp\/v2\/types\/product"}],"replies":[{"embeddable":true,"href":"https:\/\/gotzpinceszet.hu\/en\/wp-json\/wp\/v2\/comments?post=1094"}],"wp:featuredmedia":[{"embeddable":true,"href":"https:\/\/gotzpinceszet.hu\/en\/wp-json\/wp\/v2\/media\/1095"}],"wp:attachment":[{"href":"https:\/\/gotzpinceszet.hu\/en\/wp-json\/wp\/v2\/media?parent=1094"}],"wp:term":[{"taxonomy":"product_brand","embeddable":true,"href":"https:\/\/gotzpinceszet.hu\/en\/wp-json\/wp\/v2\/product_brand?post=1094"},{"taxonomy":"product_cat","embeddable":true,"href":"https:\/\/gotzpinceszet.hu\/en\/wp-json\/wp\/v2\/product_cat?post=1094"},{"taxonomy":"product_tag","embeddable":true,"href":"https:\/\/gotzpinceszet.hu\/en\/wp-json\/wp\/v2\/product_tag?post=1094"}],"curies":[{"name":"wp","href":"https:\/\/api.w.org\/{rel}","templated":true}]}}