{"id":395,"date":"2025-06-03T19:27:15","date_gmt":"2025-06-03T17:27:15","guid":{"rendered":"http:\/\/dev.gotzpinceszet.hu\/?post_type=product&#038;p=395"},"modified":"2026-04-21T20:28:01","modified_gmt":"2026-04-21T18:28:01","slug":"gotz-tokaji-aszu-6-puttonyos","status":"publish","type":"product","link":"https:\/\/gotzpinceszet.hu\/en\/product\/gotz-tokaji-aszu-6-puttonyos\/","title":{"rendered":"G\u00f6tz Tokaji Asz\u00fa 6 puttonyos"},"content":{"rendered":"<p><strong>\u00c9vj\u00e1rat: <\/strong>2020<br \/>\n<strong>Alkohol (%vol):<\/strong><br \/>\n<strong>T\u00edpus:<\/strong><br \/>\n<strong>Jelleg:<\/strong><br \/>\n<strong>Sz\u00edn: <\/strong>Feh\u00e9r<br \/>\n<strong>Sz\u0151l\u0151fajta:<\/strong><br \/>\n<strong>K\u00e9sz\u00edt\u00e9si m\u00f3d:<\/strong><br \/>\n<strong>Min\u0151s\u00e9g:<\/strong><br \/>\n<strong>Kiszerel\u00e9s:<\/strong> 0,5 L<\/p>\n<p><strong>24 000 HUF\/1L<\/strong><\/p>","protected":false},"excerpt":{"rendered":"<p>It is a wine specialty produced from carefully picked raisins.<br \/>\nIn Tokaj-Hegyalja, the so-called Botrytis Cinerea mould gives rise to fermentation, practically drying up the over-ripened grapes.<br \/>\nThis wine owes its exceptional quality not only to its high sugar content but also to its outstanding acidity, which creates a perfect balance. Early autumn rains followed by dry, sunny days in October provide the ideal conditions for these grapes. The 2002 vintage is considered an excellent year in the Tokaj-Hegyalja region.<br \/>\nThis wine was aged in oak barrels using an oxidative process, in keeping with traditional winemaking methods. The grapes are processed by our family estate \u2014 from hand-harvesting into trays and destemming, to gentle pneumatic pressing and careful handling, we carry out every step ourselves.<br \/>\nOur vineyards are located in first-class slopes with red clay soils, where the grapes are not only naturally shriveled but also fully covered with noble rot (Botrytis cinerea).<br \/>\nDuring the asz\u00fa winemaking process, we do not remove the wine's essence \u2014 instead, we age it together with it. The result is an exceptionally harmonious wine that combines elegance with power.<br \/>\nSz\u00edne, \u00edze, illata a legnemesebb italok eleganci\u00e1j\u00e1t hordozza mag\u00e1ban.&hellip; <a class=\"kt-excerpt-readmore more-link\" href=\"https:\/\/gotzpinceszet.hu\/en\/product\/gotz-tokaji-aszu-6-puttonyos\/\" aria-label=\"G\u00f6tz Tokaji Asz\u00fa 6 puttonyos\">More<\/a><\/p>","protected":false},"featured_media":1093,"comment_status":"open","ping_status":"closed","template":"","meta":[],"product_brand":[],"product_cat":[66],"product_tag":[96],"class_list":{"0":"post-395","1":"product","2":"type-product","3":"status-publish","4":"has-post-thumbnail","6":"product_cat-aszu","7":"product_tag-96","9":"first","10":"instock","11":"shipping-taxable","12":"purchasable","13":"product-type-simple"},"yoast_head":"<!-- This site is optimized with the Yoast SEO plugin v27.4 - https:\/\/yoast.com\/product\/yoast-seo-wordpress\/ -->\n<title>G\u00f6tz Tokaji Asz\u00fa 6 puttonyos - G\u00f6tz Pinc\u00e9szet Hercegk\u00fat<\/title>\n<meta name=\"description\" content=\"G\u00f6tz Tokaji Asz\u00fa 6 puttonyos - G\u00f6tz Pinc\u00e9szet Hercegk\u00fat\" \/>\n<meta name=\"robots\" content=\"index, follow, max-snippet:-1, max-image-preview:large, max-video-preview:-1\" \/>\n<link rel=\"canonical\" href=\"https:\/\/gotzpinceszet.hu\/en\/product\/gotz-tokaji-aszu-6-puttonyos\/\" \/>\n<meta property=\"og:locale\" content=\"en_GB\" \/>\n<meta property=\"og:type\" content=\"article\" \/>\n<meta property=\"og:title\" content=\"G\u00f6tz Tokaji Asz\u00fa 6 puttonyos - G\u00f6tz Pinc\u00e9szet Hercegk\u00fat\" \/>\n<meta property=\"og:description\" content=\"G\u00f6tz Tokaji Asz\u00fa 6 puttonyos - G\u00f6tz Pinc\u00e9szet Hercegk\u00fat\" \/>\n<meta property=\"og:url\" content=\"https:\/\/gotzpinceszet.hu\/en\/product\/gotz-tokaji-aszu-6-puttonyos\/\" \/>\n<meta property=\"og:site_name\" content=\"G\u00f6tz Pinc\u00e9szet Hercegk\u00fat\" \/>\n<meta property=\"article:publisher\" content=\"https:\/\/www.facebook.com\/gotzpinceszet\" \/>\n<meta property=\"article:modified_time\" content=\"2026-04-21T18:28:01+00:00\" \/>\n<meta property=\"og:image\" content=\"https:\/\/gotzpinceszet.hu\/wp-content\/uploads\/2025\/06\/gotz-tokaji-aszu-6-puttonyos-2020.jpg\" \/>\n\t<meta property=\"og:image:width\" content=\"600\" \/>\n\t<meta property=\"og:image:height\" content=\"800\" \/>\n\t<meta property=\"og:image:type\" content=\"image\/jpeg\" \/>\n<meta name=\"twitter:card\" content=\"summary_large_image\" \/>\n<meta name=\"twitter:label1\" content=\"Estimated reading time\" \/>\n\t<meta name=\"twitter:data1\" content=\"1 minute\" \/>\n<script type=\"application\/ld+json\" class=\"yoast-schema-graph\">{\"@context\":\"https:\\\/\\\/schema.org\",\"@graph\":[{\"@type\":\"WebPage\",\"@id\":\"https:\\\/\\\/gotzpinceszet.hu\\\/termek\\\/gotz-tokaji-aszu-6-puttonyos\\\/\",\"url\":\"https:\\\/\\\/gotzpinceszet.hu\\\/termek\\\/gotz-tokaji-aszu-6-puttonyos\\\/\",\"name\":\"G\u00f6tz Tokaji Asz\u00fa 6 puttonyos - G\u00f6tz Pinc\u00e9szet Hercegk\u00fat\",\"isPartOf\":{\"@id\":\"https:\\\/\\\/gotzpinceszet.hu\\\/#website\"},\"primaryImageOfPage\":{\"@id\":\"https:\\\/\\\/gotzpinceszet.hu\\\/termek\\\/gotz-tokaji-aszu-6-puttonyos\\\/#primaryimage\"},\"image\":{\"@id\":\"https:\\\/\\\/gotzpinceszet.hu\\\/termek\\\/gotz-tokaji-aszu-6-puttonyos\\\/#primaryimage\"},\"thumbnailUrl\":\"https:\\\/\\\/gotzpinceszet.hu\\\/wp-content\\\/uploads\\\/2025\\\/06\\\/gotz-tokaji-aszu-6-puttonyos-2020.jpg\",\"datePublished\":\"2025-06-03T17:27:15+00:00\",\"dateModified\":\"2026-04-21T18:28:01+00:00\",\"description\":\"G\u00f6tz Tokaji Asz\u00fa 6 puttonyos - G\u00f6tz Pinc\u00e9szet Hercegk\u00fat\",\"breadcrumb\":{\"@id\":\"https:\\\/\\\/gotzpinceszet.hu\\\/termek\\\/gotz-tokaji-aszu-6-puttonyos\\\/#breadcrumb\"},\"inLanguage\":\"en-GB\",\"potentialAction\":[{\"@type\":\"ReadAction\",\"target\":[\"https:\\\/\\\/gotzpinceszet.hu\\\/termek\\\/gotz-tokaji-aszu-6-puttonyos\\\/\"]}]},{\"@type\":\"ImageObject\",\"inLanguage\":\"en-GB\",\"@id\":\"https:\\\/\\\/gotzpinceszet.hu\\\/termek\\\/gotz-tokaji-aszu-6-puttonyos\\\/#primaryimage\",\"url\":\"https:\\\/\\\/gotzpinceszet.hu\\\/wp-content\\\/uploads\\\/2025\\\/06\\\/gotz-tokaji-aszu-6-puttonyos-2020.jpg\",\"contentUrl\":\"https:\\\/\\\/gotzpinceszet.hu\\\/wp-content\\\/uploads\\\/2025\\\/06\\\/gotz-tokaji-aszu-6-puttonyos-2020.jpg\",\"width\":600,\"height\":800,\"caption\":\"G\u00f6tz Tokaji Asz\u00fa 6 puttonyos\"},{\"@type\":\"BreadcrumbList\",\"@id\":\"https:\\\/\\\/gotzpinceszet.hu\\\/termek\\\/gotz-tokaji-aszu-6-puttonyos\\\/#breadcrumb\",\"itemListElement\":[{\"@type\":\"ListItem\",\"position\":1,\"name\":\"Kezd\u0151lap\",\"item\":\"https:\\\/\\\/gotzpinceszet.hu\\\/\"},{\"@type\":\"ListItem\",\"position\":2,\"name\":\"Shop\",\"item\":\"https:\\\/\\\/gotzpinceszet.hu\\\/shop\\\/\"},{\"@type\":\"ListItem\",\"position\":3,\"name\":\"G\u00f6tz Tokaji Asz\u00fa 6 puttonyos\"}]},{\"@type\":\"WebSite\",\"@id\":\"https:\\\/\\\/gotzpinceszet.hu\\\/#website\",\"url\":\"https:\\\/\\\/gotzpinceszet.hu\\\/\",\"name\":\"G\u00f6tz Pinc\u00e9szet\",\"description\":\"Bork\u00f3stol\u00e1s - Hercegk\u00fat\",\"publisher\":{\"@id\":\"https:\\\/\\\/gotzpinceszet.hu\\\/#organization\"},\"potentialAction\":[{\"@type\":\"SearchAction\",\"target\":{\"@type\":\"EntryPoint\",\"urlTemplate\":\"https:\\\/\\\/gotzpinceszet.hu\\\/?s={search_term_string}\"},\"query-input\":{\"@type\":\"PropertyValueSpecification\",\"valueRequired\":true,\"valueName\":\"search_term_string\"}}],\"inLanguage\":\"en-GB\"},{\"@type\":\"Organization\",\"@id\":\"https:\\\/\\\/gotzpinceszet.hu\\\/#organization\",\"name\":\"G\u00f6tz Pinc\u00e9szet\",\"url\":\"https:\\\/\\\/gotzpinceszet.hu\\\/\",\"logo\":{\"@type\":\"ImageObject\",\"inLanguage\":\"en-GB\",\"@id\":\"https:\\\/\\\/gotzpinceszet.hu\\\/#\\\/schema\\\/logo\\\/image\\\/\",\"url\":\"https:\\\/\\\/gotzpinceszet.hu\\\/wp-content\\\/uploads\\\/2025\\\/06\\\/gotz-pinceszet-logo.png\",\"contentUrl\":\"https:\\\/\\\/gotzpinceszet.hu\\\/wp-content\\\/uploads\\\/2025\\\/06\\\/gotz-pinceszet-logo.png\",\"width\":500,\"height\":400,\"caption\":\"G\u00f6tz Pinc\u00e9szet\"},\"image\":{\"@id\":\"https:\\\/\\\/gotzpinceszet.hu\\\/#\\\/schema\\\/logo\\\/image\\\/\"},\"sameAs\":[\"https:\\\/\\\/www.facebook.com\\\/gotzpinceszet\",\"https:\\\/\\\/www.instagram.com\\\/gotzpinceszet\\\/\"]}]}<\/script>\n<!-- \/ Yoast SEO plugin. -->","yoast_head_json":{"title":"G\u00f6tz Tokaji Asz\u00fa 6 puttonyos - G\u00f6tz Pinc\u00e9szet Hercegk\u00fat","description":"G\u00f6tz Tokaji Asz\u00fa 6 puttonyos - G\u00f6tz Pinc\u00e9szet Hercegk\u00fat","robots":{"index":"index","follow":"follow","max-snippet":"max-snippet:-1","max-image-preview":"max-image-preview:large","max-video-preview":"max-video-preview:-1"},"canonical":"https:\/\/gotzpinceszet.hu\/en\/product\/gotz-tokaji-aszu-6-puttonyos\/","og_locale":"en_GB","og_type":"article","og_title":"G\u00f6tz Tokaji Asz\u00fa 6 puttonyos - G\u00f6tz Pinc\u00e9szet Hercegk\u00fat","og_description":"G\u00f6tz Tokaji Asz\u00fa 6 puttonyos - G\u00f6tz Pinc\u00e9szet Hercegk\u00fat","og_url":"https:\/\/gotzpinceszet.hu\/en\/product\/gotz-tokaji-aszu-6-puttonyos\/","og_site_name":"G\u00f6tz Pinc\u00e9szet Hercegk\u00fat","article_publisher":"https:\/\/www.facebook.com\/gotzpinceszet","article_modified_time":"2026-04-21T18:28:01+00:00","og_image":[{"width":600,"height":800,"url":"https:\/\/gotzpinceszet.hu\/wp-content\/uploads\/2025\/06\/gotz-tokaji-aszu-6-puttonyos-2020.jpg","type":"image\/jpeg"}],"twitter_card":"summary_large_image","twitter_misc":{"Estimated reading time":"1 minute"},"schema":{"@context":"https:\/\/schema.org","@graph":[{"@type":"WebPage","@id":"https:\/\/gotzpinceszet.hu\/termek\/gotz-tokaji-aszu-6-puttonyos\/","url":"https:\/\/gotzpinceszet.hu\/termek\/gotz-tokaji-aszu-6-puttonyos\/","name":"G\u00f6tz Tokaji Asz\u00fa 6 puttonyos - G\u00f6tz Pinc\u00e9szet Hercegk\u00fat","isPartOf":{"@id":"https:\/\/gotzpinceszet.hu\/#website"},"primaryImageOfPage":{"@id":"https:\/\/gotzpinceszet.hu\/termek\/gotz-tokaji-aszu-6-puttonyos\/#primaryimage"},"image":{"@id":"https:\/\/gotzpinceszet.hu\/termek\/gotz-tokaji-aszu-6-puttonyos\/#primaryimage"},"thumbnailUrl":"https:\/\/gotzpinceszet.hu\/wp-content\/uploads\/2025\/06\/gotz-tokaji-aszu-6-puttonyos-2020.jpg","datePublished":"2025-06-03T17:27:15+00:00","dateModified":"2026-04-21T18:28:01+00:00","description":"G\u00f6tz Tokaji Asz\u00fa 6 puttonyos - G\u00f6tz Pinc\u00e9szet Hercegk\u00fat","breadcrumb":{"@id":"https:\/\/gotzpinceszet.hu\/termek\/gotz-tokaji-aszu-6-puttonyos\/#breadcrumb"},"inLanguage":"en-GB","potentialAction":[{"@type":"ReadAction","target":["https:\/\/gotzpinceszet.hu\/termek\/gotz-tokaji-aszu-6-puttonyos\/"]}]},{"@type":"ImageObject","inLanguage":"en-GB","@id":"https:\/\/gotzpinceszet.hu\/termek\/gotz-tokaji-aszu-6-puttonyos\/#primaryimage","url":"https:\/\/gotzpinceszet.hu\/wp-content\/uploads\/2025\/06\/gotz-tokaji-aszu-6-puttonyos-2020.jpg","contentUrl":"https:\/\/gotzpinceszet.hu\/wp-content\/uploads\/2025\/06\/gotz-tokaji-aszu-6-puttonyos-2020.jpg","width":600,"height":800,"caption":"G\u00f6tz Tokaji Asz\u00fa 6 puttonyos"},{"@type":"BreadcrumbList","@id":"https:\/\/gotzpinceszet.hu\/termek\/gotz-tokaji-aszu-6-puttonyos\/#breadcrumb","itemListElement":[{"@type":"ListItem","position":1,"name":"Kezd\u0151lap","item":"https:\/\/gotzpinceszet.hu\/"},{"@type":"ListItem","position":2,"name":"Shop","item":"https:\/\/gotzpinceszet.hu\/shop\/"},{"@type":"ListItem","position":3,"name":"G\u00f6tz Tokaji Asz\u00fa 6 puttonyos"}]},{"@type":"WebSite","@id":"https:\/\/gotzpinceszet.hu\/#website","url":"https:\/\/gotzpinceszet.hu\/","name":"G\u00f6tz Winery","description":"Bork\u00f3stol\u00e1s - Hercegk\u00fat","publisher":{"@id":"https:\/\/gotzpinceszet.hu\/#organization"},"potentialAction":[{"@type":"SearchAction","target":{"@type":"EntryPoint","urlTemplate":"https:\/\/gotzpinceszet.hu\/?s={search_term_string}"},"query-input":{"@type":"PropertyValueSpecification","valueRequired":true,"valueName":"search_term_string"}}],"inLanguage":"en-GB"},{"@type":"Organization","@id":"https:\/\/gotzpinceszet.hu\/#organization","name":"G\u00f6tz Winery","url":"https:\/\/gotzpinceszet.hu\/","logo":{"@type":"ImageObject","inLanguage":"en-GB","@id":"https:\/\/gotzpinceszet.hu\/#\/schema\/logo\/image\/","url":"https:\/\/gotzpinceszet.hu\/wp-content\/uploads\/2025\/06\/gotz-pinceszet-logo.png","contentUrl":"https:\/\/gotzpinceszet.hu\/wp-content\/uploads\/2025\/06\/gotz-pinceszet-logo.png","width":500,"height":400,"caption":"G\u00f6tz Pinc\u00e9szet"},"image":{"@id":"https:\/\/gotzpinceszet.hu\/#\/schema\/logo\/image\/"},"sameAs":["https:\/\/www.facebook.com\/gotzpinceszet","https:\/\/www.instagram.com\/gotzpinceszet\/"]}]}},"_links":{"self":[{"href":"https:\/\/gotzpinceszet.hu\/en\/wp-json\/wp\/v2\/product\/395","targetHints":{"allow":["GET"]}}],"collection":[{"href":"https:\/\/gotzpinceszet.hu\/en\/wp-json\/wp\/v2\/product"}],"about":[{"href":"https:\/\/gotzpinceszet.hu\/en\/wp-json\/wp\/v2\/types\/product"}],"replies":[{"embeddable":true,"href":"https:\/\/gotzpinceszet.hu\/en\/wp-json\/wp\/v2\/comments?post=395"}],"wp:featuredmedia":[{"embeddable":true,"href":"https:\/\/gotzpinceszet.hu\/en\/wp-json\/wp\/v2\/media\/1093"}],"wp:attachment":[{"href":"https:\/\/gotzpinceszet.hu\/en\/wp-json\/wp\/v2\/media?parent=395"}],"wp:term":[{"taxonomy":"product_brand","embeddable":true,"href":"https:\/\/gotzpinceszet.hu\/en\/wp-json\/wp\/v2\/product_brand?post=395"},{"taxonomy":"product_cat","embeddable":true,"href":"https:\/\/gotzpinceszet.hu\/en\/wp-json\/wp\/v2\/product_cat?post=395"},{"taxonomy":"product_tag","embeddable":true,"href":"https:\/\/gotzpinceszet.hu\/en\/wp-json\/wp\/v2\/product_tag?post=395"}],"curies":[{"name":"wp","href":"https:\/\/api.w.org\/{rel}","templated":true}]}}